{"id":39892,"date":"2022-01-17T15:16:13","date_gmt":"2022-01-17T18:16:13","guid":{"rendered":"https:\/\/www.museuhistoricosl.com.br\/loja\/produto\/sl002-fd-0482\/"},"modified":"2022-01-17T15:16:13","modified_gmt":"2022-01-17T18:16:13","slug":"sl002-fd-0482","status":"publish","type":"product","link":"https:\/\/www.museuhistoricosl.com.br\/loja\/produto\/sl002-fd-0482\/","title":{"rendered":"SL002-FD-0482"},"content":{"rendered":"<p>Supermercado Unid\u00e3o  &#8211; Av. Feitoria &#8211; 28.11.87 &#8211; n\u00ba 23802 &#8211; ampliar 14% &#8211; Foto: Nilson Winter  &#8211; Cat\u00e1logo anterior: FD 2,482; Ind\u00fastria e Com\u00e9rcio; <\/p>\n","protected":false},"excerpt":{"rendered":"<p>Supermercado Unid\u00e3o &#8211; Av. Feitoria &#8211; 28.11.87 &#8211; n\u00ba 23802 &#8211; ampliar 14% &#8211; Foto: Nilson Winter &#8211; Cat\u00e1logo anterior:<\/p>\n","protected":false},"featured_media":39891,"comment_status":"open","ping_status":"closed","template":"","meta":{"_acf_changed":false},"product_cat":[97],"product_tag":[],"class_list":["post-39892","product","type-product","status-publish","has-post-thumbnail","hentry","product_cat-industria-e-comercio"],"acf":[],"_links":{"self":[{"href":"https:\/\/www.museuhistoricosl.com.br\/loja\/wp-json\/wp\/v2\/product\/39892","targetHints":{"allow":["GET"]}}],"collection":[{"href":"https:\/\/www.museuhistoricosl.com.br\/loja\/wp-json\/wp\/v2\/product"}],"about":[{"href":"https:\/\/www.museuhistoricosl.com.br\/loja\/wp-json\/wp\/v2\/types\/product"}],"replies":[{"embeddable":true,"href":"https:\/\/www.museuhistoricosl.com.br\/loja\/wp-json\/wp\/v2\/comments?post=39892"}],"wp:featuredmedia":[{"embeddable":true,"href":"https:\/\/www.museuhistoricosl.com.br\/loja\/wp-json\/wp\/v2\/media\/39891"}],"wp:attachment":[{"href":"https:\/\/www.museuhistoricosl.com.br\/loja\/wp-json\/wp\/v2\/media?parent=39892"}],"wp:term":[{"taxonomy":"product_cat","embeddable":true,"href":"https:\/\/www.museuhistoricosl.com.br\/loja\/wp-json\/wp\/v2\/product_cat?post=39892"},{"taxonomy":"product_tag","embeddable":true,"href":"https:\/\/www.museuhistoricosl.com.br\/loja\/wp-json\/wp\/v2\/product_tag?post=39892"}],"curies":[{"name":"wp","href":"https:\/\/api.w.org\/{rel}","templated":true}]}}