{"id":39864,"date":"2022-01-17T15:15:49","date_gmt":"2022-01-17T18:15:49","guid":{"rendered":"https:\/\/www.museuhistoricosl.com.br\/loja\/produto\/sl002-fd-0468\/"},"modified":"2022-01-17T15:15:49","modified_gmt":"2022-01-17T18:15:49","slug":"sl002-fd-0468","status":"publish","type":"product","link":"https:\/\/www.museuhistoricosl.com.br\/loja\/produto\/sl002-fd-0468\/","title":{"rendered":"SL002-FD-0468"},"content":{"rendered":"<p>Sal\u00e3o de beleza  &#8211; &#8220;Maura&#8221;  em S\u00e3o Leopoldo. Em 1992  com a ajuda do computador, a cliente escolhia o modelo de cabelo, c\u00f4r e corte que ao projetado no computador antes de ser atendida pelas pelos profissionais.  &#8211; Cat\u00e1logo anterior: FD 2,468; Ind\u00fastria e Com\u00e9rcio; <\/p>\n","protected":false},"excerpt":{"rendered":"<p>Sal\u00e3o de beleza &#8211; &#8220;Maura&#8221; em S\u00e3o Leopoldo. Em 1992 com a ajuda do computador, a cliente escolhia o modelo<\/p>\n","protected":false},"featured_media":39863,"comment_status":"open","ping_status":"closed","template":"","meta":{"_acf_changed":false},"product_cat":[97],"product_tag":[],"class_list":["post-39864","product","type-product","status-publish","has-post-thumbnail","hentry","product_cat-industria-e-comercio"],"acf":[],"_links":{"self":[{"href":"https:\/\/www.museuhistoricosl.com.br\/loja\/wp-json\/wp\/v2\/product\/39864","targetHints":{"allow":["GET"]}}],"collection":[{"href":"https:\/\/www.museuhistoricosl.com.br\/loja\/wp-json\/wp\/v2\/product"}],"about":[{"href":"https:\/\/www.museuhistoricosl.com.br\/loja\/wp-json\/wp\/v2\/types\/product"}],"replies":[{"embeddable":true,"href":"https:\/\/www.museuhistoricosl.com.br\/loja\/wp-json\/wp\/v2\/comments?post=39864"}],"wp:featuredmedia":[{"embeddable":true,"href":"https:\/\/www.museuhistoricosl.com.br\/loja\/wp-json\/wp\/v2\/media\/39863"}],"wp:attachment":[{"href":"https:\/\/www.museuhistoricosl.com.br\/loja\/wp-json\/wp\/v2\/media?parent=39864"}],"wp:term":[{"taxonomy":"product_cat","embeddable":true,"href":"https:\/\/www.museuhistoricosl.com.br\/loja\/wp-json\/wp\/v2\/product_cat?post=39864"},{"taxonomy":"product_tag","embeddable":true,"href":"https:\/\/www.museuhistoricosl.com.br\/loja\/wp-json\/wp\/v2\/product_tag?post=39864"}],"curies":[{"name":"wp","href":"https:\/\/api.w.org\/{rel}","templated":true}]}}