{"id":39824,"date":"2022-01-17T15:15:25","date_gmt":"2022-01-17T18:15:25","guid":{"rendered":"https:\/\/www.museuhistoricosl.com.br\/loja\/produto\/sl002-fd-0448\/"},"modified":"2022-01-17T15:15:25","modified_gmt":"2022-01-17T18:15:25","slug":"sl002-fd-0448","status":"publish","type":"product","link":"https:\/\/www.museuhistoricosl.com.br\/loja\/produto\/sl002-fd-0448\/","title":{"rendered":"SL002-FD-0448"},"content":{"rendered":"<p>Instala\u00e7\u00e3o Loja Ritual de cal\u00e7ados e confec\u00e7\u00f5es  de Paulo Roberto Santos &#8211; 10\/07\/89 &#8211; Rua Independ\u00eancia &#8211; Cat\u00e1logo anterior: FD 2,448; Ind\u00fastria e Com\u00e9rcio; <\/p>\n","protected":false},"excerpt":{"rendered":"<p>Instala\u00e7\u00e3o Loja Ritual de cal\u00e7ados e confec\u00e7\u00f5es de Paulo Roberto Santos &#8211; 10\/07\/89 &#8211; Rua Independ\u00eancia &#8211; Cat\u00e1logo anterior: FD<\/p>\n","protected":false},"featured_media":39823,"comment_status":"open","ping_status":"closed","template":"","meta":{"_acf_changed":false},"product_cat":[97],"product_tag":[],"class_list":["post-39824","product","type-product","status-publish","has-post-thumbnail","hentry","product_cat-industria-e-comercio"],"acf":[],"_links":{"self":[{"href":"https:\/\/www.museuhistoricosl.com.br\/loja\/wp-json\/wp\/v2\/product\/39824","targetHints":{"allow":["GET"]}}],"collection":[{"href":"https:\/\/www.museuhistoricosl.com.br\/loja\/wp-json\/wp\/v2\/product"}],"about":[{"href":"https:\/\/www.museuhistoricosl.com.br\/loja\/wp-json\/wp\/v2\/types\/product"}],"replies":[{"embeddable":true,"href":"https:\/\/www.museuhistoricosl.com.br\/loja\/wp-json\/wp\/v2\/comments?post=39824"}],"wp:featuredmedia":[{"embeddable":true,"href":"https:\/\/www.museuhistoricosl.com.br\/loja\/wp-json\/wp\/v2\/media\/39823"}],"wp:attachment":[{"href":"https:\/\/www.museuhistoricosl.com.br\/loja\/wp-json\/wp\/v2\/media?parent=39824"}],"wp:term":[{"taxonomy":"product_cat","embeddable":true,"href":"https:\/\/www.museuhistoricosl.com.br\/loja\/wp-json\/wp\/v2\/product_cat?post=39824"},{"taxonomy":"product_tag","embeddable":true,"href":"https:\/\/www.museuhistoricosl.com.br\/loja\/wp-json\/wp\/v2\/product_tag?post=39824"}],"curies":[{"name":"wp","href":"https:\/\/api.w.org\/{rel}","templated":true}]}}