{"id":39816,"date":"2022-01-17T15:15:21","date_gmt":"2022-01-17T18:15:21","guid":{"rendered":"https:\/\/www.museuhistoricosl.com.br\/loja\/produto\/sl002-fd-0444\/"},"modified":"2022-01-17T15:15:21","modified_gmt":"2022-01-17T18:15:21","slug":"sl002-fd-0444","status":"publish","type":"product","link":"https:\/\/www.museuhistoricosl.com.br\/loja\/produto\/sl002-fd-0444\/","title":{"rendered":"SL002-FD-0444"},"content":{"rendered":"<p>Madezzati &#8211; Encontro reunindo empres\u00e1rios em Gua\u00edba &#8211; 11\/5 foto 1 &#8211; ampliar 10% &#8211; 29 mar 83 &#8211; n\u00ba7326 &#8211; Cat\u00e1logo anterior: FD 2,444; Ind\u00fastria e Com\u00e9rcio; <\/p>\n","protected":false},"excerpt":{"rendered":"<p>Madezzati &#8211; Encontro reunindo empres\u00e1rios em Gua\u00edba &#8211; 11\/5 foto 1 &#8211; ampliar 10% &#8211; 29 mar 83 &#8211; n\u00ba7326<\/p>\n","protected":false},"featured_media":39815,"comment_status":"open","ping_status":"closed","template":"","meta":{"_acf_changed":false},"product_cat":[97],"product_tag":[],"class_list":["post-39816","product","type-product","status-publish","has-post-thumbnail","hentry","product_cat-industria-e-comercio"],"acf":[],"_links":{"self":[{"href":"https:\/\/www.museuhistoricosl.com.br\/loja\/wp-json\/wp\/v2\/product\/39816","targetHints":{"allow":["GET"]}}],"collection":[{"href":"https:\/\/www.museuhistoricosl.com.br\/loja\/wp-json\/wp\/v2\/product"}],"about":[{"href":"https:\/\/www.museuhistoricosl.com.br\/loja\/wp-json\/wp\/v2\/types\/product"}],"replies":[{"embeddable":true,"href":"https:\/\/www.museuhistoricosl.com.br\/loja\/wp-json\/wp\/v2\/comments?post=39816"}],"wp:featuredmedia":[{"embeddable":true,"href":"https:\/\/www.museuhistoricosl.com.br\/loja\/wp-json\/wp\/v2\/media\/39815"}],"wp:attachment":[{"href":"https:\/\/www.museuhistoricosl.com.br\/loja\/wp-json\/wp\/v2\/media?parent=39816"}],"wp:term":[{"taxonomy":"product_cat","embeddable":true,"href":"https:\/\/www.museuhistoricosl.com.br\/loja\/wp-json\/wp\/v2\/product_cat?post=39816"},{"taxonomy":"product_tag","embeddable":true,"href":"https:\/\/www.museuhistoricosl.com.br\/loja\/wp-json\/wp\/v2\/product_tag?post=39816"}],"curies":[{"name":"wp","href":"https:\/\/api.w.org\/{rel}","templated":true}]}}