{"id":39804,"date":"2022-01-17T15:15:15","date_gmt":"2022-01-17T18:15:15","guid":{"rendered":"https:\/\/www.museuhistoricosl.com.br\/loja\/produto\/sl002-fd-0438\/"},"modified":"2022-01-17T15:15:15","modified_gmt":"2022-01-17T18:15:15","slug":"sl002-fd-0438","status":"publish","type":"product","link":"https:\/\/www.museuhistoricosl.com.br\/loja\/produto\/sl002-fd-0438\/","title":{"rendered":"SL002-FD-0438"},"content":{"rendered":"<p>Instituto de beleza, As gurias 31 mai84 &#8211; Trof\u00e9u do 3\u00ba encontro de Arte e Beleza em Porto Alegre &#8211; 7\/5 &#8211; foto 2 natural &#8211; Selita Angela  e Silva &#8211; As gurias mai84  n\u00ba 11802 &#8211; Cat\u00e1logo anterior: FD 2,438; Ind\u00fastria e Com\u00e9rcio; <\/p>\n","protected":false},"excerpt":{"rendered":"<p>Instituto de beleza, As gurias 31 mai84 &#8211; Trof\u00e9u do 3\u00ba encontro de Arte e Beleza em Porto Alegre &#8211;<\/p>\n","protected":false},"featured_media":39803,"comment_status":"open","ping_status":"closed","template":"","meta":{"_acf_changed":false},"product_cat":[97],"product_tag":[],"class_list":["post-39804","product","type-product","status-publish","has-post-thumbnail","hentry","product_cat-industria-e-comercio"],"acf":[],"_links":{"self":[{"href":"https:\/\/www.museuhistoricosl.com.br\/loja\/wp-json\/wp\/v2\/product\/39804","targetHints":{"allow":["GET"]}}],"collection":[{"href":"https:\/\/www.museuhistoricosl.com.br\/loja\/wp-json\/wp\/v2\/product"}],"about":[{"href":"https:\/\/www.museuhistoricosl.com.br\/loja\/wp-json\/wp\/v2\/types\/product"}],"replies":[{"embeddable":true,"href":"https:\/\/www.museuhistoricosl.com.br\/loja\/wp-json\/wp\/v2\/comments?post=39804"}],"wp:featuredmedia":[{"embeddable":true,"href":"https:\/\/www.museuhistoricosl.com.br\/loja\/wp-json\/wp\/v2\/media\/39803"}],"wp:attachment":[{"href":"https:\/\/www.museuhistoricosl.com.br\/loja\/wp-json\/wp\/v2\/media?parent=39804"}],"wp:term":[{"taxonomy":"product_cat","embeddable":true,"href":"https:\/\/www.museuhistoricosl.com.br\/loja\/wp-json\/wp\/v2\/product_cat?post=39804"},{"taxonomy":"product_tag","embeddable":true,"href":"https:\/\/www.museuhistoricosl.com.br\/loja\/wp-json\/wp\/v2\/product_tag?post=39804"}],"curies":[{"name":"wp","href":"https:\/\/api.w.org\/{rel}","templated":true}]}}