{"id":39772,"date":"2022-01-17T15:14:56","date_gmt":"2022-01-17T18:14:56","guid":{"rendered":"https:\/\/www.museuhistoricosl.com.br\/loja\/produto\/sl002-fd-0420\/"},"modified":"2022-01-17T15:14:56","modified_gmt":"2022-01-17T18:14:56","slug":"sl002-fd-0420","status":"publish","type":"product","link":"https:\/\/www.museuhistoricosl.com.br\/loja\/produto\/sl002-fd-0420\/","title":{"rendered":"SL002-FD-0420"},"content":{"rendered":"<p>ACISE &#8211; Define local de curso de compras &#8211; n\u00ba20857 &#8211; reuni\u00e3o da diretoria &#8211; 30\/10\/86 &#8211;  n\u00ba20857 &#8211; 6\/5 foto 4 &#8211; 28% &#8211; Cat\u00e1logo anterior: FD 2,420; Ind\u00fastria e Com\u00e9rcio; <\/p>\n","protected":false},"excerpt":{"rendered":"<p>ACISE &#8211; Define local de curso de compras &#8211; n\u00ba20857 &#8211; reuni\u00e3o da diretoria &#8211; 30\/10\/86 &#8211; n\u00ba20857 &#8211; 6\/5<\/p>\n","protected":false},"featured_media":39771,"comment_status":"open","ping_status":"closed","template":"","meta":{"_acf_changed":false},"product_cat":[97],"product_tag":[],"class_list":["post-39772","product","type-product","status-publish","has-post-thumbnail","hentry","product_cat-industria-e-comercio"],"acf":[],"_links":{"self":[{"href":"https:\/\/www.museuhistoricosl.com.br\/loja\/wp-json\/wp\/v2\/product\/39772","targetHints":{"allow":["GET"]}}],"collection":[{"href":"https:\/\/www.museuhistoricosl.com.br\/loja\/wp-json\/wp\/v2\/product"}],"about":[{"href":"https:\/\/www.museuhistoricosl.com.br\/loja\/wp-json\/wp\/v2\/types\/product"}],"replies":[{"embeddable":true,"href":"https:\/\/www.museuhistoricosl.com.br\/loja\/wp-json\/wp\/v2\/comments?post=39772"}],"wp:featuredmedia":[{"embeddable":true,"href":"https:\/\/www.museuhistoricosl.com.br\/loja\/wp-json\/wp\/v2\/media\/39771"}],"wp:attachment":[{"href":"https:\/\/www.museuhistoricosl.com.br\/loja\/wp-json\/wp\/v2\/media?parent=39772"}],"wp:term":[{"taxonomy":"product_cat","embeddable":true,"href":"https:\/\/www.museuhistoricosl.com.br\/loja\/wp-json\/wp\/v2\/product_cat?post=39772"},{"taxonomy":"product_tag","embeddable":true,"href":"https:\/\/www.museuhistoricosl.com.br\/loja\/wp-json\/wp\/v2\/product_tag?post=39772"}],"curies":[{"name":"wp","href":"https:\/\/api.w.org\/{rel}","templated":true}]}}