{"id":39768,"date":"2022-01-17T15:14:55","date_gmt":"2022-01-17T18:14:55","guid":{"rendered":"https:\/\/www.museuhistoricosl.com.br\/loja\/produto\/sl002-fd-0418\/"},"modified":"2022-01-17T15:14:55","modified_gmt":"2022-01-17T18:14:55","slug":"sl002-fd-0418","status":"publish","type":"product","link":"https:\/\/www.museuhistoricosl.com.br\/loja\/produto\/sl002-fd-0418\/","title":{"rendered":"SL002-FD-0418"},"content":{"rendered":"<p>Associa\u00e7\u00e3o comercial e industrial de SL &#8211; Palestra Alcides Saldanha &#8211; 6\/5 &#8211; foto 1 &#8211; 28% &#8211; 19 ago 85 n\u00ba16175 &#8211; Cat\u00e1logo anterior: FD 2,418; Ind\u00fastria e Com\u00e9rcio; <\/p>\n","protected":false},"excerpt":{"rendered":"<p>Associa\u00e7\u00e3o comercial e industrial de SL &#8211; Palestra Alcides Saldanha &#8211; 6\/5 &#8211; foto 1 &#8211; 28% &#8211; 19 ago<\/p>\n","protected":false},"featured_media":39767,"comment_status":"open","ping_status":"closed","template":"","meta":{"_acf_changed":false},"product_cat":[97],"product_tag":[],"class_list":["post-39768","product","type-product","status-publish","has-post-thumbnail","hentry","product_cat-industria-e-comercio"],"acf":[],"_links":{"self":[{"href":"https:\/\/www.museuhistoricosl.com.br\/loja\/wp-json\/wp\/v2\/product\/39768","targetHints":{"allow":["GET"]}}],"collection":[{"href":"https:\/\/www.museuhistoricosl.com.br\/loja\/wp-json\/wp\/v2\/product"}],"about":[{"href":"https:\/\/www.museuhistoricosl.com.br\/loja\/wp-json\/wp\/v2\/types\/product"}],"replies":[{"embeddable":true,"href":"https:\/\/www.museuhistoricosl.com.br\/loja\/wp-json\/wp\/v2\/comments?post=39768"}],"wp:featuredmedia":[{"embeddable":true,"href":"https:\/\/www.museuhistoricosl.com.br\/loja\/wp-json\/wp\/v2\/media\/39767"}],"wp:attachment":[{"href":"https:\/\/www.museuhistoricosl.com.br\/loja\/wp-json\/wp\/v2\/media?parent=39768"}],"wp:term":[{"taxonomy":"product_cat","embeddable":true,"href":"https:\/\/www.museuhistoricosl.com.br\/loja\/wp-json\/wp\/v2\/product_cat?post=39768"},{"taxonomy":"product_tag","embeddable":true,"href":"https:\/\/www.museuhistoricosl.com.br\/loja\/wp-json\/wp\/v2\/product_tag?post=39768"}],"curies":[{"name":"wp","href":"https:\/\/api.w.org\/{rel}","templated":true}]}}