{"id":39758,"date":"2022-01-17T15:14:50","date_gmt":"2022-01-17T18:14:50","guid":{"rendered":"https:\/\/www.museuhistoricosl.com.br\/loja\/produto\/sl002-fd-0412\/"},"modified":"2022-01-17T15:14:50","modified_gmt":"2022-01-17T18:14:50","slug":"sl002-fd-0412","status":"publish","type":"product","link":"https:\/\/www.museuhistoricosl.com.br\/loja\/produto\/sl002-fd-0412\/","title":{"rendered":"SL002-FD-0412"},"content":{"rendered":"<p>ACI\/SL -Encerramento de curso de custos &#8211; Edmar Porto entrega t\u00edtulo &#8211; 4.8.82 n\u00ba5491 &#8211;  21\/5 &#8211; foto 1 &#8211; ampliar 10% &#8211; Cat\u00e1logo anterior: FD 2,412; Ind\u00fastria e Com\u00e9rcio; <\/p>\n","protected":false},"excerpt":{"rendered":"<p>ACI\/SL -Encerramento de curso de custos &#8211; Edmar Porto entrega t\u00edtulo &#8211; 4.8.82 n\u00ba5491 &#8211; 21\/5 &#8211; foto 1 &#8211;<\/p>\n","protected":false},"featured_media":39757,"comment_status":"open","ping_status":"closed","template":"","meta":{"_acf_changed":false},"product_cat":[97],"product_tag":[],"class_list":["post-39758","product","type-product","status-publish","has-post-thumbnail","hentry","product_cat-industria-e-comercio"],"acf":[],"_links":{"self":[{"href":"https:\/\/www.museuhistoricosl.com.br\/loja\/wp-json\/wp\/v2\/product\/39758","targetHints":{"allow":["GET"]}}],"collection":[{"href":"https:\/\/www.museuhistoricosl.com.br\/loja\/wp-json\/wp\/v2\/product"}],"about":[{"href":"https:\/\/www.museuhistoricosl.com.br\/loja\/wp-json\/wp\/v2\/types\/product"}],"replies":[{"embeddable":true,"href":"https:\/\/www.museuhistoricosl.com.br\/loja\/wp-json\/wp\/v2\/comments?post=39758"}],"wp:featuredmedia":[{"embeddable":true,"href":"https:\/\/www.museuhistoricosl.com.br\/loja\/wp-json\/wp\/v2\/media\/39757"}],"wp:attachment":[{"href":"https:\/\/www.museuhistoricosl.com.br\/loja\/wp-json\/wp\/v2\/media?parent=39758"}],"wp:term":[{"taxonomy":"product_cat","embeddable":true,"href":"https:\/\/www.museuhistoricosl.com.br\/loja\/wp-json\/wp\/v2\/product_cat?post=39758"},{"taxonomy":"product_tag","embeddable":true,"href":"https:\/\/www.museuhistoricosl.com.br\/loja\/wp-json\/wp\/v2\/product_tag?post=39758"}],"curies":[{"name":"wp","href":"https:\/\/api.w.org\/{rel}","templated":true}]}}