{"id":39754,"date":"2022-01-17T15:14:48","date_gmt":"2022-01-17T18:14:48","guid":{"rendered":"https:\/\/www.museuhistoricosl.com.br\/loja\/produto\/sl002-fd-0410\/"},"modified":"2022-01-17T15:14:48","modified_gmt":"2022-01-17T18:14:48","slug":"sl002-fd-0410","status":"publish","type":"product","link":"https:\/\/www.museuhistoricosl.com.br\/loja\/produto\/sl002-fd-0410\/","title":{"rendered":"SL002-FD-0410"},"content":{"rendered":"<p>Clubes dos Diretores Lojistas de SL &#8211; reuni\u00e3o jantar &#8211; 14.10.85 &#8211;  5\/5 foto 1 &#8211; ampliar 10% &#8211; n\u00ba14533 &#8211; Cat\u00e1logo anterior: FD 2,410; Ind\u00fastria e Com\u00e9rcio; <\/p>\n","protected":false},"excerpt":{"rendered":"<p>Clubes dos Diretores Lojistas de SL &#8211; reuni\u00e3o jantar &#8211; 14.10.85 &#8211; 5\/5 foto 1 &#8211; ampliar 10% &#8211; n\u00ba14533<\/p>\n","protected":false},"featured_media":39753,"comment_status":"open","ping_status":"closed","template":"","meta":{"_acf_changed":false},"product_cat":[97],"product_tag":[],"class_list":["post-39754","product","type-product","status-publish","has-post-thumbnail","hentry","product_cat-industria-e-comercio"],"acf":[],"_links":{"self":[{"href":"https:\/\/www.museuhistoricosl.com.br\/loja\/wp-json\/wp\/v2\/product\/39754","targetHints":{"allow":["GET"]}}],"collection":[{"href":"https:\/\/www.museuhistoricosl.com.br\/loja\/wp-json\/wp\/v2\/product"}],"about":[{"href":"https:\/\/www.museuhistoricosl.com.br\/loja\/wp-json\/wp\/v2\/types\/product"}],"replies":[{"embeddable":true,"href":"https:\/\/www.museuhistoricosl.com.br\/loja\/wp-json\/wp\/v2\/comments?post=39754"}],"wp:featuredmedia":[{"embeddable":true,"href":"https:\/\/www.museuhistoricosl.com.br\/loja\/wp-json\/wp\/v2\/media\/39753"}],"wp:attachment":[{"href":"https:\/\/www.museuhistoricosl.com.br\/loja\/wp-json\/wp\/v2\/media?parent=39754"}],"wp:term":[{"taxonomy":"product_cat","embeddable":true,"href":"https:\/\/www.museuhistoricosl.com.br\/loja\/wp-json\/wp\/v2\/product_cat?post=39754"},{"taxonomy":"product_tag","embeddable":true,"href":"https:\/\/www.museuhistoricosl.com.br\/loja\/wp-json\/wp\/v2\/product_tag?post=39754"}],"curies":[{"name":"wp","href":"https:\/\/api.w.org\/{rel}","templated":true}]}}