{"id":39752,"date":"2022-01-17T15:14:47","date_gmt":"2022-01-17T18:14:47","guid":{"rendered":"https:\/\/www.museuhistoricosl.com.br\/loja\/produto\/sl002-fd-0409\/"},"modified":"2022-01-17T15:14:47","modified_gmt":"2022-01-17T18:14:47","slug":"sl002-fd-0409","status":"publish","type":"product","link":"https:\/\/www.museuhistoricosl.com.br\/loja\/produto\/sl002-fd-0409\/","title":{"rendered":"SL002-FD-0409"},"content":{"rendered":"<p>Associa\u00e7\u00e3o Comercial e Industrial de SL &#8211; palestra sobre Capitaliza\u00e7\u00e3o &#8211; 3\/5 &#8211; foto 2 &#8211; 24% n\u00ba15961 &#8211; 14 ago85 &#8211; Cat\u00e1logo anterior: FD 2,409; Ind\u00fastria e Com\u00e9rcio; <\/p>\n","protected":false},"excerpt":{"rendered":"<p>Associa\u00e7\u00e3o Comercial e Industrial de SL &#8211; palestra sobre Capitaliza\u00e7\u00e3o &#8211; 3\/5 &#8211; foto 2 &#8211; 24% n\u00ba15961 &#8211; 14<\/p>\n","protected":false},"featured_media":39751,"comment_status":"open","ping_status":"closed","template":"","meta":{"_acf_changed":false},"product_cat":[97],"product_tag":[],"class_list":["post-39752","product","type-product","status-publish","has-post-thumbnail","hentry","product_cat-industria-e-comercio"],"acf":[],"_links":{"self":[{"href":"https:\/\/www.museuhistoricosl.com.br\/loja\/wp-json\/wp\/v2\/product\/39752","targetHints":{"allow":["GET"]}}],"collection":[{"href":"https:\/\/www.museuhistoricosl.com.br\/loja\/wp-json\/wp\/v2\/product"}],"about":[{"href":"https:\/\/www.museuhistoricosl.com.br\/loja\/wp-json\/wp\/v2\/types\/product"}],"replies":[{"embeddable":true,"href":"https:\/\/www.museuhistoricosl.com.br\/loja\/wp-json\/wp\/v2\/comments?post=39752"}],"wp:featuredmedia":[{"embeddable":true,"href":"https:\/\/www.museuhistoricosl.com.br\/loja\/wp-json\/wp\/v2\/media\/39751"}],"wp:attachment":[{"href":"https:\/\/www.museuhistoricosl.com.br\/loja\/wp-json\/wp\/v2\/media?parent=39752"}],"wp:term":[{"taxonomy":"product_cat","embeddable":true,"href":"https:\/\/www.museuhistoricosl.com.br\/loja\/wp-json\/wp\/v2\/product_cat?post=39752"},{"taxonomy":"product_tag","embeddable":true,"href":"https:\/\/www.museuhistoricosl.com.br\/loja\/wp-json\/wp\/v2\/product_tag?post=39752"}],"curies":[{"name":"wp","href":"https:\/\/api.w.org\/{rel}","templated":true}]}}