{"id":39748,"date":"2022-01-17T15:14:44","date_gmt":"2022-01-17T18:14:44","guid":{"rendered":"https:\/\/www.museuhistoricosl.com.br\/loja\/produto\/sl002-fd-0407\/"},"modified":"2022-01-17T15:14:44","modified_gmt":"2022-01-17T18:14:44","slug":"sl002-fd-0407","status":"publish","type":"product","link":"https:\/\/www.museuhistoricosl.com.br\/loja\/produto\/sl002-fd-0407\/","title":{"rendered":"SL002-FD-0407"},"content":{"rendered":"<p>Reuni\u00e3o almo\u00e7o  da ACISL com secret\u00e1rio de Educa\u00e7\u00e3o do Estado -setembro 85 &#8211; n\u00ba16526  &#8211; 3\/5 foto 4 &#8211; 24% &#8211; Cat\u00e1logo anterior: FD 2,407; Ind\u00fastria e Com\u00e9rcio; <\/p>\n","protected":false},"excerpt":{"rendered":"<p>Reuni\u00e3o almo\u00e7o da ACISL com secret\u00e1rio de Educa\u00e7\u00e3o do Estado -setembro 85 &#8211; n\u00ba16526 &#8211; 3\/5 foto 4 &#8211; 24%<\/p>\n","protected":false},"featured_media":39747,"comment_status":"open","ping_status":"closed","template":"","meta":{"_acf_changed":false},"product_cat":[97],"product_tag":[],"class_list":["post-39748","product","type-product","status-publish","has-post-thumbnail","hentry","product_cat-industria-e-comercio"],"acf":[],"_links":{"self":[{"href":"https:\/\/www.museuhistoricosl.com.br\/loja\/wp-json\/wp\/v2\/product\/39748","targetHints":{"allow":["GET"]}}],"collection":[{"href":"https:\/\/www.museuhistoricosl.com.br\/loja\/wp-json\/wp\/v2\/product"}],"about":[{"href":"https:\/\/www.museuhistoricosl.com.br\/loja\/wp-json\/wp\/v2\/types\/product"}],"replies":[{"embeddable":true,"href":"https:\/\/www.museuhistoricosl.com.br\/loja\/wp-json\/wp\/v2\/comments?post=39748"}],"wp:featuredmedia":[{"embeddable":true,"href":"https:\/\/www.museuhistoricosl.com.br\/loja\/wp-json\/wp\/v2\/media\/39747"}],"wp:attachment":[{"href":"https:\/\/www.museuhistoricosl.com.br\/loja\/wp-json\/wp\/v2\/media?parent=39748"}],"wp:term":[{"taxonomy":"product_cat","embeddable":true,"href":"https:\/\/www.museuhistoricosl.com.br\/loja\/wp-json\/wp\/v2\/product_cat?post=39748"},{"taxonomy":"product_tag","embeddable":true,"href":"https:\/\/www.museuhistoricosl.com.br\/loja\/wp-json\/wp\/v2\/product_tag?post=39748"}],"curies":[{"name":"wp","href":"https:\/\/api.w.org\/{rel}","templated":true}]}}