{"id":39600,"date":"2022-01-17T15:13:25","date_gmt":"2022-01-17T18:13:25","guid":{"rendered":"https:\/\/www.museuhistoricosl.com.br\/loja\/produto\/sl002-fd-0329\/"},"modified":"2022-01-17T15:13:25","modified_gmt":"2022-01-17T18:13:25","slug":"sl002-fd-0329","status":"publish","type":"product","link":"https:\/\/www.museuhistoricosl.com.br\/loja\/produto\/sl002-fd-0329\/","title":{"rendered":"SL002-FD-0329"},"content":{"rendered":"<p>Bins. Semana de Preven\u00e7\u00e3o de Acidentes, 19 a 23\/10\/1987. Funcion\u00e1rios premiados: Lindolfo Rodrigues da Concei\u00e7\u00e3o, Jairo Alberto Farias e Magda L.S. da Silva. &#8211; Cat\u00e1logo anterior: FD 2,329; Ind\u00fastria e Com\u00e9rcio; <\/p>\n","protected":false},"excerpt":{"rendered":"<p>Bins. Semana de Preven\u00e7\u00e3o de Acidentes, 19 a 23\/10\/1987. Funcion\u00e1rios premiados: Lindolfo Rodrigues da Concei\u00e7\u00e3o, Jairo Alberto Farias e Magda<\/p>\n","protected":false},"featured_media":39599,"comment_status":"open","ping_status":"closed","template":"","meta":{"_acf_changed":false},"product_cat":[97],"product_tag":[],"class_list":["post-39600","product","type-product","status-publish","has-post-thumbnail","hentry","product_cat-industria-e-comercio"],"acf":[],"_links":{"self":[{"href":"https:\/\/www.museuhistoricosl.com.br\/loja\/wp-json\/wp\/v2\/product\/39600","targetHints":{"allow":["GET"]}}],"collection":[{"href":"https:\/\/www.museuhistoricosl.com.br\/loja\/wp-json\/wp\/v2\/product"}],"about":[{"href":"https:\/\/www.museuhistoricosl.com.br\/loja\/wp-json\/wp\/v2\/types\/product"}],"replies":[{"embeddable":true,"href":"https:\/\/www.museuhistoricosl.com.br\/loja\/wp-json\/wp\/v2\/comments?post=39600"}],"wp:featuredmedia":[{"embeddable":true,"href":"https:\/\/www.museuhistoricosl.com.br\/loja\/wp-json\/wp\/v2\/media\/39599"}],"wp:attachment":[{"href":"https:\/\/www.museuhistoricosl.com.br\/loja\/wp-json\/wp\/v2\/media?parent=39600"}],"wp:term":[{"taxonomy":"product_cat","embeddable":true,"href":"https:\/\/www.museuhistoricosl.com.br\/loja\/wp-json\/wp\/v2\/product_cat?post=39600"},{"taxonomy":"product_tag","embeddable":true,"href":"https:\/\/www.museuhistoricosl.com.br\/loja\/wp-json\/wp\/v2\/product_tag?post=39600"}],"curies":[{"name":"wp","href":"https:\/\/api.w.org\/{rel}","templated":true}]}}