{"id":39498,"date":"2022-01-17T15:12:18","date_gmt":"2022-01-17T18:12:18","guid":{"rendered":"https:\/\/www.museuhistoricosl.com.br\/loja\/produto\/sl002-fd-0276\/"},"modified":"2022-01-17T15:12:18","modified_gmt":"2022-01-17T18:12:18","slug":"sl002-fd-0276","status":"publish","type":"product","link":"https:\/\/www.museuhistoricosl.com.br\/loja\/produto\/sl002-fd-0276\/","title":{"rendered":"SL002-FD-0276"},"content":{"rendered":"<p>6\u00ba anivers\u00e1rio da Construtora Zabka em 22\/3\/1979. O diretor Emar Zabka falando em nome da empresa. -1107- &#8211; Cat\u00e1logo anterior: FD 2,276; Ind\u00fastria e Com\u00e9rcio; <\/p>\n","protected":false},"excerpt":{"rendered":"<p>6\u00ba anivers\u00e1rio da Construtora Zabka em 22\/3\/1979. O diretor Emar Zabka falando em nome da empresa. -1107- &#8211; Cat\u00e1logo anterior:<\/p>\n","protected":false},"featured_media":39497,"comment_status":"open","ping_status":"closed","template":"","meta":{"_acf_changed":false},"product_cat":[97],"product_tag":[],"class_list":["post-39498","product","type-product","status-publish","has-post-thumbnail","hentry","product_cat-industria-e-comercio"],"acf":[],"_links":{"self":[{"href":"https:\/\/www.museuhistoricosl.com.br\/loja\/wp-json\/wp\/v2\/product\/39498","targetHints":{"allow":["GET"]}}],"collection":[{"href":"https:\/\/www.museuhistoricosl.com.br\/loja\/wp-json\/wp\/v2\/product"}],"about":[{"href":"https:\/\/www.museuhistoricosl.com.br\/loja\/wp-json\/wp\/v2\/types\/product"}],"replies":[{"embeddable":true,"href":"https:\/\/www.museuhistoricosl.com.br\/loja\/wp-json\/wp\/v2\/comments?post=39498"}],"wp:featuredmedia":[{"embeddable":true,"href":"https:\/\/www.museuhistoricosl.com.br\/loja\/wp-json\/wp\/v2\/media\/39497"}],"wp:attachment":[{"href":"https:\/\/www.museuhistoricosl.com.br\/loja\/wp-json\/wp\/v2\/media?parent=39498"}],"wp:term":[{"taxonomy":"product_cat","embeddable":true,"href":"https:\/\/www.museuhistoricosl.com.br\/loja\/wp-json\/wp\/v2\/product_cat?post=39498"},{"taxonomy":"product_tag","embeddable":true,"href":"https:\/\/www.museuhistoricosl.com.br\/loja\/wp-json\/wp\/v2\/product_tag?post=39498"}],"curies":[{"name":"wp","href":"https:\/\/api.w.org\/{rel}","templated":true}]}}