{"id":39374,"date":"2022-01-17T15:10:53","date_gmt":"2022-01-17T18:10:53","guid":{"rendered":"https:\/\/www.museuhistoricosl.com.br\/loja\/produto\/sl002-fd-0213\/"},"modified":"2022-01-17T15:10:53","modified_gmt":"2022-01-17T18:10:53","slug":"sl002-fd-0213","status":"publish","type":"product","link":"https:\/\/www.museuhistoricosl.com.br\/loja\/produto\/sl002-fd-0213\/","title":{"rendered":"SL002-FD-0213"},"content":{"rendered":"<p>Dari da Silva, Gilberto Lehmann, Lorea Valada e Jo\u00e3o rodrigues. Jo\u00e3o Batista da Silveira. Gilson M\u00e1rio Canto. S\u00e9rgio Luiz da Silva. 21\/12\/1990. Biehl. Homenageados. Junto com a FD-1213; Ind\u00fastria e Com\u00e9rcio; <\/p>\n","protected":false},"excerpt":{"rendered":"<p>Dari da Silva, Gilberto Lehmann, Lorea Valada e Jo\u00e3o rodrigues. Jo\u00e3o Batista da Silveira. Gilson M\u00e1rio Canto. S\u00e9rgio Luiz da<\/p>\n","protected":false},"featured_media":39373,"comment_status":"open","ping_status":"closed","template":"","meta":{"_acf_changed":false},"product_cat":[97],"product_tag":[],"class_list":["post-39374","product","type-product","status-publish","has-post-thumbnail","hentry","product_cat-industria-e-comercio"],"acf":[],"_links":{"self":[{"href":"https:\/\/www.museuhistoricosl.com.br\/loja\/wp-json\/wp\/v2\/product\/39374","targetHints":{"allow":["GET"]}}],"collection":[{"href":"https:\/\/www.museuhistoricosl.com.br\/loja\/wp-json\/wp\/v2\/product"}],"about":[{"href":"https:\/\/www.museuhistoricosl.com.br\/loja\/wp-json\/wp\/v2\/types\/product"}],"replies":[{"embeddable":true,"href":"https:\/\/www.museuhistoricosl.com.br\/loja\/wp-json\/wp\/v2\/comments?post=39374"}],"wp:featuredmedia":[{"embeddable":true,"href":"https:\/\/www.museuhistoricosl.com.br\/loja\/wp-json\/wp\/v2\/media\/39373"}],"wp:attachment":[{"href":"https:\/\/www.museuhistoricosl.com.br\/loja\/wp-json\/wp\/v2\/media?parent=39374"}],"wp:term":[{"taxonomy":"product_cat","embeddable":true,"href":"https:\/\/www.museuhistoricosl.com.br\/loja\/wp-json\/wp\/v2\/product_cat?post=39374"},{"taxonomy":"product_tag","embeddable":true,"href":"https:\/\/www.museuhistoricosl.com.br\/loja\/wp-json\/wp\/v2\/product_tag?post=39374"}],"curies":[{"name":"wp","href":"https:\/\/api.w.org\/{rel}","templated":true}]}}