{"id":39320,"date":"2022-01-17T15:10:20","date_gmt":"2022-01-17T18:10:20","guid":{"rendered":"https:\/\/www.museuhistoricosl.com.br\/loja\/produto\/sl002-fd-0186\/"},"modified":"2022-01-17T15:10:20","modified_gmt":"2022-01-17T18:10:20","slug":"sl002-fd-0186","status":"publish","type":"product","link":"https:\/\/www.museuhistoricosl.com.br\/loja\/produto\/sl002-fd-0186\/","title":{"rendered":"SL002-FD-0186"},"content":{"rendered":"<p>Diretores da Imobili\u00e1ria Solar. Festa de inaugura\u00e7\u00e3o da filial da imobili\u00e1ria. Gilberto Corr\u00eaa; ?; Nilo Uebel. &#8211; Cat\u00e1logo anterior: FD 2,186; Ind\u00fastria e Com\u00e9rcio; <\/p>\n","protected":false},"excerpt":{"rendered":"<p>Diretores da Imobili\u00e1ria Solar. Festa de inaugura\u00e7\u00e3o da filial da imobili\u00e1ria. Gilberto Corr\u00eaa; ?; Nilo Uebel. &#8211; Cat\u00e1logo anterior: FD<\/p>\n","protected":false},"featured_media":39319,"comment_status":"open","ping_status":"closed","template":"","meta":{"_acf_changed":false},"product_cat":[97],"product_tag":[],"class_list":["post-39320","product","type-product","status-publish","has-post-thumbnail","hentry","product_cat-industria-e-comercio"],"acf":[],"_links":{"self":[{"href":"https:\/\/www.museuhistoricosl.com.br\/loja\/wp-json\/wp\/v2\/product\/39320","targetHints":{"allow":["GET"]}}],"collection":[{"href":"https:\/\/www.museuhistoricosl.com.br\/loja\/wp-json\/wp\/v2\/product"}],"about":[{"href":"https:\/\/www.museuhistoricosl.com.br\/loja\/wp-json\/wp\/v2\/types\/product"}],"replies":[{"embeddable":true,"href":"https:\/\/www.museuhistoricosl.com.br\/loja\/wp-json\/wp\/v2\/comments?post=39320"}],"wp:featuredmedia":[{"embeddable":true,"href":"https:\/\/www.museuhistoricosl.com.br\/loja\/wp-json\/wp\/v2\/media\/39319"}],"wp:attachment":[{"href":"https:\/\/www.museuhistoricosl.com.br\/loja\/wp-json\/wp\/v2\/media?parent=39320"}],"wp:term":[{"taxonomy":"product_cat","embeddable":true,"href":"https:\/\/www.museuhistoricosl.com.br\/loja\/wp-json\/wp\/v2\/product_cat?post=39320"},{"taxonomy":"product_tag","embeddable":true,"href":"https:\/\/www.museuhistoricosl.com.br\/loja\/wp-json\/wp\/v2\/product_tag?post=39320"}],"curies":[{"name":"wp","href":"https:\/\/api.w.org\/{rel}","templated":true}]}}