{"id":39136,"date":"2022-01-17T15:08:18","date_gmt":"2022-01-17T18:08:18","guid":{"rendered":"https:\/\/www.museuhistoricosl.com.br\/loja\/produto\/sl002-fd-0089\/"},"modified":"2022-01-17T15:08:18","modified_gmt":"2022-01-17T18:08:18","slug":"sl002-fd-0089","status":"publish","type":"product","link":"https:\/\/www.museuhistoricosl.com.br\/loja\/produto\/sl002-fd-0089\/","title":{"rendered":"SL002-FD-0089"},"content":{"rendered":"<p>Sensa\u00e7\u00e3o cal\u00e7ados diretoria Ol\u00edvia Linck &#8211; M\u00e1rcia Schwnates entrega placa \u00e0 Diretoria Ol\u00edvia Linck &#8211; julho 85 &#8211; 3\/5 &#8211; foto 2 &#8211; 48% n\u00ba15682 &#8211; jul85 &#8211; foto 2 &#8211; Cat\u00e1logo anterior: FD 2,89; Ind\u00fastria e Com\u00e9rcio; <\/p>\n","protected":false},"excerpt":{"rendered":"<p>Sensa\u00e7\u00e3o cal\u00e7ados diretoria Ol\u00edvia Linck &#8211; M\u00e1rcia Schwnates entrega placa \u00e0 Diretoria Ol\u00edvia Linck &#8211; julho 85 &#8211; 3\/5 &#8211;<\/p>\n","protected":false},"featured_media":39135,"comment_status":"open","ping_status":"closed","template":"","meta":{"_acf_changed":false},"product_cat":[97],"product_tag":[],"class_list":["post-39136","product","type-product","status-publish","has-post-thumbnail","hentry","product_cat-industria-e-comercio"],"acf":[],"_links":{"self":[{"href":"https:\/\/www.museuhistoricosl.com.br\/loja\/wp-json\/wp\/v2\/product\/39136","targetHints":{"allow":["GET"]}}],"collection":[{"href":"https:\/\/www.museuhistoricosl.com.br\/loja\/wp-json\/wp\/v2\/product"}],"about":[{"href":"https:\/\/www.museuhistoricosl.com.br\/loja\/wp-json\/wp\/v2\/types\/product"}],"replies":[{"embeddable":true,"href":"https:\/\/www.museuhistoricosl.com.br\/loja\/wp-json\/wp\/v2\/comments?post=39136"}],"wp:featuredmedia":[{"embeddable":true,"href":"https:\/\/www.museuhistoricosl.com.br\/loja\/wp-json\/wp\/v2\/media\/39135"}],"wp:attachment":[{"href":"https:\/\/www.museuhistoricosl.com.br\/loja\/wp-json\/wp\/v2\/media?parent=39136"}],"wp:term":[{"taxonomy":"product_cat","embeddable":true,"href":"https:\/\/www.museuhistoricosl.com.br\/loja\/wp-json\/wp\/v2\/product_cat?post=39136"},{"taxonomy":"product_tag","embeddable":true,"href":"https:\/\/www.museuhistoricosl.com.br\/loja\/wp-json\/wp\/v2\/product_tag?post=39136"}],"curies":[{"name":"wp","href":"https:\/\/api.w.org\/{rel}","templated":true}]}}