{"id":39114,"date":"2022-01-17T15:08:05","date_gmt":"2022-01-17T18:08:05","guid":{"rendered":"https:\/\/www.museuhistoricosl.com.br\/loja\/produto\/sl002-fd-0078\/"},"modified":"2022-01-17T15:08:05","modified_gmt":"2022-01-17T18:08:05","slug":"sl002-fd-0078","status":"publish","type":"product","link":"https:\/\/www.museuhistoricosl.com.br\/loja\/produto\/sl002-fd-0078\/","title":{"rendered":"SL002-FD-0078"},"content":{"rendered":"<p>Reuni\u00e3os dos revendedores  de combust\u00edvel &#8211; Associa\u00e7\u00e3o dos Revendedores de Produtos Deriva dos de Petr\u00f3leo de SL, pedem seguran\u00e7a \u00e0 brigada militar  por causa da greve geral, 10\/5 foto 1 &#8211; 30% &#8211; 11.12.86 n\u00ba21304 &#8211; Cat\u00e1logo anterior: FD 2,78; Ind\u00fastria e Com\u00e9rcio; <\/p>\n","protected":false},"excerpt":{"rendered":"<p>Reuni\u00e3os dos revendedores de combust\u00edvel &#8211; Associa\u00e7\u00e3o dos Revendedores de Produtos Deriva dos de Petr\u00f3leo de SL, pedem seguran\u00e7a \u00e0<\/p>\n","protected":false},"featured_media":39113,"comment_status":"open","ping_status":"closed","template":"","meta":{"_acf_changed":false},"product_cat":[97],"product_tag":[],"class_list":["post-39114","product","type-product","status-publish","has-post-thumbnail","hentry","product_cat-industria-e-comercio"],"acf":[],"_links":{"self":[{"href":"https:\/\/www.museuhistoricosl.com.br\/loja\/wp-json\/wp\/v2\/product\/39114","targetHints":{"allow":["GET"]}}],"collection":[{"href":"https:\/\/www.museuhistoricosl.com.br\/loja\/wp-json\/wp\/v2\/product"}],"about":[{"href":"https:\/\/www.museuhistoricosl.com.br\/loja\/wp-json\/wp\/v2\/types\/product"}],"replies":[{"embeddable":true,"href":"https:\/\/www.museuhistoricosl.com.br\/loja\/wp-json\/wp\/v2\/comments?post=39114"}],"wp:featuredmedia":[{"embeddable":true,"href":"https:\/\/www.museuhistoricosl.com.br\/loja\/wp-json\/wp\/v2\/media\/39113"}],"wp:attachment":[{"href":"https:\/\/www.museuhistoricosl.com.br\/loja\/wp-json\/wp\/v2\/media?parent=39114"}],"wp:term":[{"taxonomy":"product_cat","embeddable":true,"href":"https:\/\/www.museuhistoricosl.com.br\/loja\/wp-json\/wp\/v2\/product_cat?post=39114"},{"taxonomy":"product_tag","embeddable":true,"href":"https:\/\/www.museuhistoricosl.com.br\/loja\/wp-json\/wp\/v2\/product_tag?post=39114"}],"curies":[{"name":"wp","href":"https:\/\/api.w.org\/{rel}","templated":true}]}}