{"id":39066,"date":"2022-01-17T15:07:37","date_gmt":"2022-01-17T18:07:37","guid":{"rendered":"https:\/\/www.museuhistoricosl.com.br\/loja\/produto\/sl002-fd-0051\/"},"modified":"2022-01-17T15:07:37","modified_gmt":"2022-01-17T18:07:37","slug":"sl002-fd-0051","status":"publish","type":"product","link":"https:\/\/www.museuhistoricosl.com.br\/loja\/produto\/sl002-fd-0051\/","title":{"rendered":"SL002-FD-0051"},"content":{"rendered":"<p>Ceasa- Hardi Leichtweis, Jesus Guimar\u00e3es, \u00c1lvaro Cardoso, Jo\u00e3o Carlos Benjamin &#8211;  Apresenta\u00e7\u00e3o da Sacol\u00e3o  na cidade &#8211; 15.05.84 n\u00ba 11635 &#8211; 1\/5 &#8211; foto 1 &#8211; ampliar 10% &#8211; Cat\u00e1logo anterior: FD 2,51; Ind\u00fastria e Com\u00e9rcio; <\/p>\n","protected":false},"excerpt":{"rendered":"<p>Ceasa- Hardi Leichtweis, Jesus Guimar\u00e3es, \u00c1lvaro Cardoso, Jo\u00e3o Carlos Benjamin &#8211; Apresenta\u00e7\u00e3o da Sacol\u00e3o na cidade &#8211; 15.05.84 n\u00ba 11635<\/p>\n","protected":false},"featured_media":39065,"comment_status":"open","ping_status":"closed","template":"","meta":{"_acf_changed":false},"product_cat":[97],"product_tag":[],"class_list":["post-39066","product","type-product","status-publish","has-post-thumbnail","hentry","product_cat-industria-e-comercio"],"acf":[],"_links":{"self":[{"href":"https:\/\/www.museuhistoricosl.com.br\/loja\/wp-json\/wp\/v2\/product\/39066","targetHints":{"allow":["GET"]}}],"collection":[{"href":"https:\/\/www.museuhistoricosl.com.br\/loja\/wp-json\/wp\/v2\/product"}],"about":[{"href":"https:\/\/www.museuhistoricosl.com.br\/loja\/wp-json\/wp\/v2\/types\/product"}],"replies":[{"embeddable":true,"href":"https:\/\/www.museuhistoricosl.com.br\/loja\/wp-json\/wp\/v2\/comments?post=39066"}],"wp:featuredmedia":[{"embeddable":true,"href":"https:\/\/www.museuhistoricosl.com.br\/loja\/wp-json\/wp\/v2\/media\/39065"}],"wp:attachment":[{"href":"https:\/\/www.museuhistoricosl.com.br\/loja\/wp-json\/wp\/v2\/media?parent=39066"}],"wp:term":[{"taxonomy":"product_cat","embeddable":true,"href":"https:\/\/www.museuhistoricosl.com.br\/loja\/wp-json\/wp\/v2\/product_cat?post=39066"},{"taxonomy":"product_tag","embeddable":true,"href":"https:\/\/www.museuhistoricosl.com.br\/loja\/wp-json\/wp\/v2\/product_tag?post=39066"}],"curies":[{"name":"wp","href":"https:\/\/api.w.org\/{rel}","templated":true}]}}