{"id":3905,"date":"2021-12-16T14:39:21","date_gmt":"2021-12-16T17:39:21","guid":{"rendered":"https:\/\/www.museuhistoricosl.com.br\/novosite\/produto\/sl023-fd-0021\/"},"modified":"2021-12-16T14:39:21","modified_gmt":"2021-12-16T17:39:21","slug":"sl023-fd-0021","status":"publish","type":"product","link":"https:\/\/www.museuhistoricosl.com.br\/loja\/produto\/sl023-fd-0021\/","title":{"rendered":"SL023-FD-0021"},"content":{"rendered":"<p>Igreja Evang\u00e9lica de Hamburgo Velho. Casa em 1\u00ba plano \u2013 Escola da Comunidade &#8211; C\u00f3digo anterior de cat\u00e1logo:FD 23,21; Comunidades Evang\u00e9licas Luteranas; <\/p>\n","protected":false},"excerpt":{"rendered":"<p>Igreja Evang\u00e9lica de Hamburgo Velho. Casa em 1\u00ba plano \u2013 Escola da Comunidade &#8211; C\u00f3digo anterior de cat\u00e1logo:FD 23,21; Comunidades<\/p>\n","protected":false},"featured_media":3904,"comment_status":"open","ping_status":"closed","template":"","meta":{"_acf_changed":false},"product_cat":[37],"product_tag":[],"class_list":["post-3905","product","type-product","status-publish","has-post-thumbnail","hentry","product_cat-comunidades-evangelicas-luteranas"],"acf":[],"_links":{"self":[{"href":"https:\/\/www.museuhistoricosl.com.br\/loja\/wp-json\/wp\/v2\/product\/3905","targetHints":{"allow":["GET"]}}],"collection":[{"href":"https:\/\/www.museuhistoricosl.com.br\/loja\/wp-json\/wp\/v2\/product"}],"about":[{"href":"https:\/\/www.museuhistoricosl.com.br\/loja\/wp-json\/wp\/v2\/types\/product"}],"replies":[{"embeddable":true,"href":"https:\/\/www.museuhistoricosl.com.br\/loja\/wp-json\/wp\/v2\/comments?post=3905"}],"wp:featuredmedia":[{"embeddable":true,"href":"https:\/\/www.museuhistoricosl.com.br\/loja\/wp-json\/wp\/v2\/media\/3904"}],"wp:attachment":[{"href":"https:\/\/www.museuhistoricosl.com.br\/loja\/wp-json\/wp\/v2\/media?parent=3905"}],"wp:term":[{"taxonomy":"product_cat","embeddable":true,"href":"https:\/\/www.museuhistoricosl.com.br\/loja\/wp-json\/wp\/v2\/product_cat?post=3905"},{"taxonomy":"product_tag","embeddable":true,"href":"https:\/\/www.museuhistoricosl.com.br\/loja\/wp-json\/wp\/v2\/product_tag?post=3905"}],"curies":[{"name":"wp","href":"https:\/\/api.w.org\/{rel}","templated":true}]}}