{"id":38968,"date":"2022-01-17T15:06:41","date_gmt":"2022-01-17T18:06:41","guid":{"rendered":"https:\/\/www.museuhistoricosl.com.br\/loja\/produto\/sl002-fd-0001\/"},"modified":"2022-01-17T15:06:41","modified_gmt":"2022-01-17T18:06:41","slug":"sl002-fd-0001","status":"publish","type":"product","link":"https:\/\/www.museuhistoricosl.com.br\/loja\/produto\/sl002-fd-0001\/","title":{"rendered":"SL002-FD-0001"},"content":{"rendered":"<p>Borbonite. Inaugura\u00e7\u00e3o da EMEQ. Empresa de manuten\u00e7\u00e3o e equipamentos Ltda. Vinculada \u00e0 Borbonite. 14\/11 -2438- &#8211; Cat\u00e1logo anterior: FD 2,1; Ind\u00fastria e Com\u00e9rcio; <\/p>\n","protected":false},"excerpt":{"rendered":"<p>Borbonite. Inaugura\u00e7\u00e3o da EMEQ. Empresa de manuten\u00e7\u00e3o e equipamentos Ltda. Vinculada \u00e0 Borbonite. 14\/11 -2438- &#8211; Cat\u00e1logo anterior: FD 2,1;<\/p>\n","protected":false},"featured_media":38967,"comment_status":"open","ping_status":"closed","template":"","meta":{"_acf_changed":false},"product_cat":[97],"product_tag":[],"class_list":["post-38968","product","type-product","status-publish","has-post-thumbnail","hentry","product_cat-industria-e-comercio"],"acf":[],"_links":{"self":[{"href":"https:\/\/www.museuhistoricosl.com.br\/loja\/wp-json\/wp\/v2\/product\/38968","targetHints":{"allow":["GET"]}}],"collection":[{"href":"https:\/\/www.museuhistoricosl.com.br\/loja\/wp-json\/wp\/v2\/product"}],"about":[{"href":"https:\/\/www.museuhistoricosl.com.br\/loja\/wp-json\/wp\/v2\/types\/product"}],"replies":[{"embeddable":true,"href":"https:\/\/www.museuhistoricosl.com.br\/loja\/wp-json\/wp\/v2\/comments?post=38968"}],"wp:featuredmedia":[{"embeddable":true,"href":"https:\/\/www.museuhistoricosl.com.br\/loja\/wp-json\/wp\/v2\/media\/38967"}],"wp:attachment":[{"href":"https:\/\/www.museuhistoricosl.com.br\/loja\/wp-json\/wp\/v2\/media?parent=38968"}],"wp:term":[{"taxonomy":"product_cat","embeddable":true,"href":"https:\/\/www.museuhistoricosl.com.br\/loja\/wp-json\/wp\/v2\/product_cat?post=38968"},{"taxonomy":"product_tag","embeddable":true,"href":"https:\/\/www.museuhistoricosl.com.br\/loja\/wp-json\/wp\/v2\/product_tag?post=38968"}],"curies":[{"name":"wp","href":"https:\/\/api.w.org\/{rel}","templated":true}]}}