{"id":38948,"date":"2022-01-14T09:39:07","date_gmt":"2022-01-14T12:39:07","guid":{"rendered":"https:\/\/www.museuhistoricosl.com.br\/loja\/produto\/sl141-fd-0012\/"},"modified":"2022-01-14T09:39:07","modified_gmt":"2022-01-14T12:39:07","slug":"sl141-fd-0012","status":"publish","type":"product","link":"https:\/\/www.museuhistoricosl.com.br\/loja\/produto\/sl141-fd-0012\/","title":{"rendered":"SL141-FD-0012"},"content":{"rendered":"<p>Universidade do Vale do Rio dos Sinos &#8211; palestra sobre igrejas pentecostais, dentro do curso de extens\u00e3o denominado Pastoral e Educa\u00e7\u00e3o Popular &#8211; Palestrante Pedro Oliveira &#8211; 29 abr 85; Igrejas Evang\u00e9licas Pentecostais; <\/p>\n","protected":false},"excerpt":{"rendered":"<p>Universidade do Vale do Rio dos Sinos &#8211; palestra sobre igrejas pentecostais, dentro do curso de extens\u00e3o denominado Pastoral e<\/p>\n","protected":false},"featured_media":38947,"comment_status":"open","ping_status":"closed","template":"","meta":{"_acf_changed":false},"product_cat":[96],"product_tag":[],"class_list":["post-38948","product","type-product","status-publish","has-post-thumbnail","hentry","product_cat-igrejas-evangelicas-pentecostais"],"acf":[],"_links":{"self":[{"href":"https:\/\/www.museuhistoricosl.com.br\/loja\/wp-json\/wp\/v2\/product\/38948","targetHints":{"allow":["GET"]}}],"collection":[{"href":"https:\/\/www.museuhistoricosl.com.br\/loja\/wp-json\/wp\/v2\/product"}],"about":[{"href":"https:\/\/www.museuhistoricosl.com.br\/loja\/wp-json\/wp\/v2\/types\/product"}],"replies":[{"embeddable":true,"href":"https:\/\/www.museuhistoricosl.com.br\/loja\/wp-json\/wp\/v2\/comments?post=38948"}],"wp:featuredmedia":[{"embeddable":true,"href":"https:\/\/www.museuhistoricosl.com.br\/loja\/wp-json\/wp\/v2\/media\/38947"}],"wp:attachment":[{"href":"https:\/\/www.museuhistoricosl.com.br\/loja\/wp-json\/wp\/v2\/media?parent=38948"}],"wp:term":[{"taxonomy":"product_cat","embeddable":true,"href":"https:\/\/www.museuhistoricosl.com.br\/loja\/wp-json\/wp\/v2\/product_cat?post=38948"},{"taxonomy":"product_tag","embeddable":true,"href":"https:\/\/www.museuhistoricosl.com.br\/loja\/wp-json\/wp\/v2\/product_tag?post=38948"}],"curies":[{"name":"wp","href":"https:\/\/api.w.org\/{rel}","templated":true}]}}