{"id":38944,"date":"2022-01-14T09:39:05","date_gmt":"2022-01-14T12:39:05","guid":{"rendered":"https:\/\/www.museuhistoricosl.com.br\/loja\/produto\/sl141-fd-0010\/"},"modified":"2022-01-14T09:39:05","modified_gmt":"2022-01-14T12:39:05","slug":"sl141-fd-0010","status":"publish","type":"product","link":"https:\/\/www.museuhistoricosl.com.br\/loja\/produto\/sl141-fd-0010\/","title":{"rendered":"SL141-FD-0010"},"content":{"rendered":"<p>Sociedade Esp\u00edrita Amor a Verdade Constru\u00e7\u00e3o da nova sede; Igrejas Evang\u00e9licas Pentecostais; <\/p>\n","protected":false},"excerpt":{"rendered":"<p>Sociedade Esp\u00edrita Amor a Verdade Constru\u00e7\u00e3o da nova sede; Igrejas Evang\u00e9licas Pentecostais;<\/p>\n","protected":false},"featured_media":38943,"comment_status":"open","ping_status":"closed","template":"","meta":{"_acf_changed":false},"product_cat":[96],"product_tag":[],"class_list":["post-38944","product","type-product","status-publish","has-post-thumbnail","hentry","product_cat-igrejas-evangelicas-pentecostais"],"acf":[],"_links":{"self":[{"href":"https:\/\/www.museuhistoricosl.com.br\/loja\/wp-json\/wp\/v2\/product\/38944","targetHints":{"allow":["GET"]}}],"collection":[{"href":"https:\/\/www.museuhistoricosl.com.br\/loja\/wp-json\/wp\/v2\/product"}],"about":[{"href":"https:\/\/www.museuhistoricosl.com.br\/loja\/wp-json\/wp\/v2\/types\/product"}],"replies":[{"embeddable":true,"href":"https:\/\/www.museuhistoricosl.com.br\/loja\/wp-json\/wp\/v2\/comments?post=38944"}],"wp:featuredmedia":[{"embeddable":true,"href":"https:\/\/www.museuhistoricosl.com.br\/loja\/wp-json\/wp\/v2\/media\/38943"}],"wp:attachment":[{"href":"https:\/\/www.museuhistoricosl.com.br\/loja\/wp-json\/wp\/v2\/media?parent=38944"}],"wp:term":[{"taxonomy":"product_cat","embeddable":true,"href":"https:\/\/www.museuhistoricosl.com.br\/loja\/wp-json\/wp\/v2\/product_cat?post=38944"},{"taxonomy":"product_tag","embeddable":true,"href":"https:\/\/www.museuhistoricosl.com.br\/loja\/wp-json\/wp\/v2\/product_tag?post=38944"}],"curies":[{"name":"wp","href":"https:\/\/api.w.org\/{rel}","templated":true}]}}