{"id":38936,"date":"2022-01-14T09:39:02","date_gmt":"2022-01-14T12:39:02","guid":{"rendered":"https:\/\/www.museuhistoricosl.com.br\/loja\/produto\/sl141-fd-0006\/"},"modified":"2022-01-14T09:39:02","modified_gmt":"2022-01-14T12:39:02","slug":"sl141-fd-0006","status":"publish","type":"product","link":"https:\/\/www.museuhistoricosl.com.br\/loja\/produto\/sl141-fd-0006\/","title":{"rendered":"SL141-FD-0006"},"content":{"rendered":"<p>Igreja Evang\u00e9lica Pentecostal &#8220;O Brasil para Cristo&#8221; &#8211; inaugura\u00e7\u00e3o em 19 janeiro 86 &#8211; Bairro Santos Dumont &#8211; Vila Aeroclube; Igrejas Evang\u00e9licas Pentecostais; <\/p>\n","protected":false},"excerpt":{"rendered":"<p>Igreja Evang\u00e9lica Pentecostal &#8220;O Brasil para Cristo&#8221; &#8211; inaugura\u00e7\u00e3o em 19 janeiro 86 &#8211; Bairro Santos Dumont &#8211; Vila Aeroclube;<\/p>\n","protected":false},"featured_media":38935,"comment_status":"open","ping_status":"closed","template":"","meta":{"_acf_changed":false},"product_cat":[96],"product_tag":[],"class_list":["post-38936","product","type-product","status-publish","has-post-thumbnail","hentry","product_cat-igrejas-evangelicas-pentecostais"],"acf":[],"_links":{"self":[{"href":"https:\/\/www.museuhistoricosl.com.br\/loja\/wp-json\/wp\/v2\/product\/38936","targetHints":{"allow":["GET"]}}],"collection":[{"href":"https:\/\/www.museuhistoricosl.com.br\/loja\/wp-json\/wp\/v2\/product"}],"about":[{"href":"https:\/\/www.museuhistoricosl.com.br\/loja\/wp-json\/wp\/v2\/types\/product"}],"replies":[{"embeddable":true,"href":"https:\/\/www.museuhistoricosl.com.br\/loja\/wp-json\/wp\/v2\/comments?post=38936"}],"wp:featuredmedia":[{"embeddable":true,"href":"https:\/\/www.museuhistoricosl.com.br\/loja\/wp-json\/wp\/v2\/media\/38935"}],"wp:attachment":[{"href":"https:\/\/www.museuhistoricosl.com.br\/loja\/wp-json\/wp\/v2\/media?parent=38936"}],"wp:term":[{"taxonomy":"product_cat","embeddable":true,"href":"https:\/\/www.museuhistoricosl.com.br\/loja\/wp-json\/wp\/v2\/product_cat?post=38936"},{"taxonomy":"product_tag","embeddable":true,"href":"https:\/\/www.museuhistoricosl.com.br\/loja\/wp-json\/wp\/v2\/product_tag?post=38936"}],"curies":[{"name":"wp","href":"https:\/\/api.w.org\/{rel}","templated":true}]}}