{"id":38932,"date":"2022-01-14T09:39:01","date_gmt":"2022-01-14T12:39:01","guid":{"rendered":"https:\/\/www.museuhistoricosl.com.br\/loja\/produto\/sl141-fd-0004\/"},"modified":"2022-01-14T09:39:01","modified_gmt":"2022-01-14T12:39:01","slug":"sl141-fd-0004","status":"publish","type":"product","link":"https:\/\/www.museuhistoricosl.com.br\/loja\/produto\/sl141-fd-0004\/","title":{"rendered":"SL141-FD-0004"},"content":{"rendered":"<p>Gin\u00e1sio Bigorn\u00e3o &#8211; quando da presen\u00e7a de Divaldo Pereira Franco &#8211; Espiritismo; Igrejas Evang\u00e9licas Pentecostais; <\/p>\n","protected":false},"excerpt":{"rendered":"<p>Gin\u00e1sio Bigorn\u00e3o &#8211; quando da presen\u00e7a de Divaldo Pereira Franco &#8211; Espiritismo; Igrejas Evang\u00e9licas Pentecostais;<\/p>\n","protected":false},"featured_media":38931,"comment_status":"open","ping_status":"closed","template":"","meta":{"_acf_changed":false},"product_cat":[96],"product_tag":[],"class_list":["post-38932","product","type-product","status-publish","has-post-thumbnail","hentry","product_cat-igrejas-evangelicas-pentecostais"],"acf":[],"_links":{"self":[{"href":"https:\/\/www.museuhistoricosl.com.br\/loja\/wp-json\/wp\/v2\/product\/38932","targetHints":{"allow":["GET"]}}],"collection":[{"href":"https:\/\/www.museuhistoricosl.com.br\/loja\/wp-json\/wp\/v2\/product"}],"about":[{"href":"https:\/\/www.museuhistoricosl.com.br\/loja\/wp-json\/wp\/v2\/types\/product"}],"replies":[{"embeddable":true,"href":"https:\/\/www.museuhistoricosl.com.br\/loja\/wp-json\/wp\/v2\/comments?post=38932"}],"wp:featuredmedia":[{"embeddable":true,"href":"https:\/\/www.museuhistoricosl.com.br\/loja\/wp-json\/wp\/v2\/media\/38931"}],"wp:attachment":[{"href":"https:\/\/www.museuhistoricosl.com.br\/loja\/wp-json\/wp\/v2\/media?parent=38932"}],"wp:term":[{"taxonomy":"product_cat","embeddable":true,"href":"https:\/\/www.museuhistoricosl.com.br\/loja\/wp-json\/wp\/v2\/product_cat?post=38932"},{"taxonomy":"product_tag","embeddable":true,"href":"https:\/\/www.museuhistoricosl.com.br\/loja\/wp-json\/wp\/v2\/product_tag?post=38932"}],"curies":[{"name":"wp","href":"https:\/\/api.w.org\/{rel}","templated":true}]}}