{"id":38919,"date":"2022-01-14T09:28:10","date_gmt":"2022-01-14T12:28:10","guid":{"rendered":"https:\/\/www.museuhistoricosl.com.br\/loja\/produto\/sl055-fd-0291\/"},"modified":"2022-01-14T09:28:10","modified_gmt":"2022-01-14T12:28:10","slug":"sl055-fd-0291","status":"publish","type":"product","link":"https:\/\/www.museuhistoricosl.com.br\/loja\/produto\/sl055-fd-0291\/","title":{"rendered":"SL055-FD-0291"},"content":{"rendered":"<p>Hospital Centen\u00e1rio, Prefeito Theodomiro perto do Fonseca (centro), De: Mario Fonseca; Hospital Centen\u00e1rio &#8211; S\u00e3o Leopoldo; <\/p>\n","protected":false},"excerpt":{"rendered":"<p>Hospital Centen\u00e1rio, Prefeito Theodomiro perto do Fonseca (centro), De: Mario Fonseca; Hospital Centen\u00e1rio &#8211; S\u00e3o Leopoldo;<\/p>\n","protected":false},"featured_media":38918,"comment_status":"open","ping_status":"closed","template":"","meta":{"_acf_changed":false},"product_cat":[95],"product_tag":[],"class_list":["post-38919","product","type-product","status-publish","has-post-thumbnail","hentry","product_cat-hospital-centenario-sao-leopoldo"],"acf":[],"_links":{"self":[{"href":"https:\/\/www.museuhistoricosl.com.br\/loja\/wp-json\/wp\/v2\/product\/38919","targetHints":{"allow":["GET"]}}],"collection":[{"href":"https:\/\/www.museuhistoricosl.com.br\/loja\/wp-json\/wp\/v2\/product"}],"about":[{"href":"https:\/\/www.museuhistoricosl.com.br\/loja\/wp-json\/wp\/v2\/types\/product"}],"replies":[{"embeddable":true,"href":"https:\/\/www.museuhistoricosl.com.br\/loja\/wp-json\/wp\/v2\/comments?post=38919"}],"wp:featuredmedia":[{"embeddable":true,"href":"https:\/\/www.museuhistoricosl.com.br\/loja\/wp-json\/wp\/v2\/media\/38918"}],"wp:attachment":[{"href":"https:\/\/www.museuhistoricosl.com.br\/loja\/wp-json\/wp\/v2\/media?parent=38919"}],"wp:term":[{"taxonomy":"product_cat","embeddable":true,"href":"https:\/\/www.museuhistoricosl.com.br\/loja\/wp-json\/wp\/v2\/product_cat?post=38919"},{"taxonomy":"product_tag","embeddable":true,"href":"https:\/\/www.museuhistoricosl.com.br\/loja\/wp-json\/wp\/v2\/product_tag?post=38919"}],"curies":[{"name":"wp","href":"https:\/\/api.w.org\/{rel}","templated":true}]}}