{"id":3883,"date":"2021-12-16T14:39:18","date_gmt":"2021-12-16T17:39:18","guid":{"rendered":"https:\/\/www.museuhistoricosl.com.br\/novosite\/produto\/sl023-fd-0010\/"},"modified":"2021-12-16T14:39:18","modified_gmt":"2021-12-16T17:39:18","slug":"sl023-fd-0010","status":"publish","type":"product","link":"https:\/\/www.museuhistoricosl.com.br\/loja\/produto\/sl023-fd-0010\/","title":{"rendered":"SL023-FD-0010"},"content":{"rendered":"<p>Igreja Protestante de S\u00e3o Leopoldo. &#8211; C\u00f3digo anterior de cat\u00e1logo:FD 23,10; Comunidades Evang\u00e9licas Luteranas; <\/p>\n","protected":false},"excerpt":{"rendered":"<p>Igreja Protestante de S\u00e3o Leopoldo. &#8211; C\u00f3digo anterior de cat\u00e1logo:FD 23,10; Comunidades Evang\u00e9licas Luteranas;<\/p>\n","protected":false},"featured_media":3882,"comment_status":"open","ping_status":"closed","template":"","meta":{"_acf_changed":false},"product_cat":[37],"product_tag":[],"class_list":["post-3883","product","type-product","status-publish","has-post-thumbnail","hentry","product_cat-comunidades-evangelicas-luteranas"],"acf":[],"_links":{"self":[{"href":"https:\/\/www.museuhistoricosl.com.br\/loja\/wp-json\/wp\/v2\/product\/3883","targetHints":{"allow":["GET"]}}],"collection":[{"href":"https:\/\/www.museuhistoricosl.com.br\/loja\/wp-json\/wp\/v2\/product"}],"about":[{"href":"https:\/\/www.museuhistoricosl.com.br\/loja\/wp-json\/wp\/v2\/types\/product"}],"replies":[{"embeddable":true,"href":"https:\/\/www.museuhistoricosl.com.br\/loja\/wp-json\/wp\/v2\/comments?post=3883"}],"wp:featuredmedia":[{"embeddable":true,"href":"https:\/\/www.museuhistoricosl.com.br\/loja\/wp-json\/wp\/v2\/media\/3882"}],"wp:attachment":[{"href":"https:\/\/www.museuhistoricosl.com.br\/loja\/wp-json\/wp\/v2\/media?parent=3883"}],"wp:term":[{"taxonomy":"product_cat","embeddable":true,"href":"https:\/\/www.museuhistoricosl.com.br\/loja\/wp-json\/wp\/v2\/product_cat?post=3883"},{"taxonomy":"product_tag","embeddable":true,"href":"https:\/\/www.museuhistoricosl.com.br\/loja\/wp-json\/wp\/v2\/product_tag?post=3883"}],"curies":[{"name":"wp","href":"https:\/\/api.w.org\/{rel}","templated":true}]}}