{"id":38801,"date":"2022-01-14T09:27:13","date_gmt":"2022-01-14T12:27:13","guid":{"rendered":"https:\/\/www.museuhistoricosl.com.br\/loja\/produto\/sl055-fd-0232\/"},"modified":"2022-01-14T09:27:13","modified_gmt":"2022-01-14T12:27:13","slug":"sl055-fd-0232","status":"publish","type":"product","link":"https:\/\/www.museuhistoricosl.com.br\/loja\/produto\/sl055-fd-0232\/","title":{"rendered":"SL055-FD-0232"},"content":{"rendered":"<p>Hospital Centen\u00e1rio, Sala de opera\u00e7\u00f5es, Pavilh\u00e3o de Tuberculose, 1948; Hospital Centen\u00e1rio &#8211; S\u00e3o Leopoldo; <\/p>\n","protected":false},"excerpt":{"rendered":"<p>Hospital Centen\u00e1rio, Sala de opera\u00e7\u00f5es, Pavilh\u00e3o de Tuberculose, 1948; Hospital Centen\u00e1rio &#8211; S\u00e3o Leopoldo;<\/p>\n","protected":false},"featured_media":38800,"comment_status":"open","ping_status":"closed","template":"","meta":{"_acf_changed":false},"product_cat":[95],"product_tag":[],"class_list":["post-38801","product","type-product","status-publish","has-post-thumbnail","hentry","product_cat-hospital-centenario-sao-leopoldo"],"acf":[],"_links":{"self":[{"href":"https:\/\/www.museuhistoricosl.com.br\/loja\/wp-json\/wp\/v2\/product\/38801","targetHints":{"allow":["GET"]}}],"collection":[{"href":"https:\/\/www.museuhistoricosl.com.br\/loja\/wp-json\/wp\/v2\/product"}],"about":[{"href":"https:\/\/www.museuhistoricosl.com.br\/loja\/wp-json\/wp\/v2\/types\/product"}],"replies":[{"embeddable":true,"href":"https:\/\/www.museuhistoricosl.com.br\/loja\/wp-json\/wp\/v2\/comments?post=38801"}],"wp:featuredmedia":[{"embeddable":true,"href":"https:\/\/www.museuhistoricosl.com.br\/loja\/wp-json\/wp\/v2\/media\/38800"}],"wp:attachment":[{"href":"https:\/\/www.museuhistoricosl.com.br\/loja\/wp-json\/wp\/v2\/media?parent=38801"}],"wp:term":[{"taxonomy":"product_cat","embeddable":true,"href":"https:\/\/www.museuhistoricosl.com.br\/loja\/wp-json\/wp\/v2\/product_cat?post=38801"},{"taxonomy":"product_tag","embeddable":true,"href":"https:\/\/www.museuhistoricosl.com.br\/loja\/wp-json\/wp\/v2\/product_tag?post=38801"}],"curies":[{"name":"wp","href":"https:\/\/api.w.org\/{rel}","templated":true}]}}