{"id":3879,"date":"2021-12-16T14:39:17","date_gmt":"2021-12-16T17:39:17","guid":{"rendered":"https:\/\/www.museuhistoricosl.com.br\/novosite\/produto\/sl023-fd-0008\/"},"modified":"2021-12-16T14:39:17","modified_gmt":"2021-12-16T17:39:17","slug":"sl023-fd-0008","status":"publish","type":"product","link":"https:\/\/www.museuhistoricosl.com.br\/loja\/produto\/sl023-fd-0008\/","title":{"rendered":"SL023-FD-0008"},"content":{"rendered":"<p>Pastor Haetinger com fam\u00edlia, vide livro \u201cJahrhundertbuch\u201d, p\u00e1gina 479 (100 anos de Imigra\u00e7\u00e3o Alem\u00e3). &#8211; C\u00f3digo anterior de cat\u00e1logo:FD 23,8; Comunidades Evang\u00e9licas Luteranas; <\/p>\n","protected":false},"excerpt":{"rendered":"<p>Pastor Haetinger com fam\u00edlia, vide livro \u201cJahrhundertbuch\u201d, p\u00e1gina 479 (100 anos de Imigra\u00e7\u00e3o Alem\u00e3). &#8211; C\u00f3digo anterior de cat\u00e1logo:FD 23,8;<\/p>\n","protected":false},"featured_media":3878,"comment_status":"open","ping_status":"closed","template":"","meta":{"_acf_changed":false},"product_cat":[37],"product_tag":[],"class_list":["post-3879","product","type-product","status-publish","has-post-thumbnail","hentry","product_cat-comunidades-evangelicas-luteranas"],"acf":[],"_links":{"self":[{"href":"https:\/\/www.museuhistoricosl.com.br\/loja\/wp-json\/wp\/v2\/product\/3879","targetHints":{"allow":["GET"]}}],"collection":[{"href":"https:\/\/www.museuhistoricosl.com.br\/loja\/wp-json\/wp\/v2\/product"}],"about":[{"href":"https:\/\/www.museuhistoricosl.com.br\/loja\/wp-json\/wp\/v2\/types\/product"}],"replies":[{"embeddable":true,"href":"https:\/\/www.museuhistoricosl.com.br\/loja\/wp-json\/wp\/v2\/comments?post=3879"}],"wp:featuredmedia":[{"embeddable":true,"href":"https:\/\/www.museuhistoricosl.com.br\/loja\/wp-json\/wp\/v2\/media\/3878"}],"wp:attachment":[{"href":"https:\/\/www.museuhistoricosl.com.br\/loja\/wp-json\/wp\/v2\/media?parent=3879"}],"wp:term":[{"taxonomy":"product_cat","embeddable":true,"href":"https:\/\/www.museuhistoricosl.com.br\/loja\/wp-json\/wp\/v2\/product_cat?post=3879"},{"taxonomy":"product_tag","embeddable":true,"href":"https:\/\/www.museuhistoricosl.com.br\/loja\/wp-json\/wp\/v2\/product_tag?post=3879"}],"curies":[{"name":"wp","href":"https:\/\/api.w.org\/{rel}","templated":true}]}}