{"id":38615,"date":"2022-01-14T09:25:27","date_gmt":"2022-01-14T12:25:27","guid":{"rendered":"https:\/\/www.museuhistoricosl.com.br\/loja\/produto\/sl055-fd-0139\/"},"modified":"2022-01-14T09:25:27","modified_gmt":"2022-01-14T12:25:27","slug":"sl055-fd-0139","status":"publish","type":"product","link":"https:\/\/www.museuhistoricosl.com.br\/loja\/produto\/sl055-fd-0139\/","title":{"rendered":"SL055-FD-0139"},"content":{"rendered":"<p>Hospital Centen\u00e1rio, suite, instala\u00e7\u00e3o especial, 22\/03\/1984; Hospital Centen\u00e1rio &#8211; S\u00e3o Leopoldo; <\/p>\n","protected":false},"excerpt":{"rendered":"<p>Hospital Centen\u00e1rio, suite, instala\u00e7\u00e3o especial, 22\/03\/1984; Hospital Centen\u00e1rio &#8211; S\u00e3o Leopoldo;<\/p>\n","protected":false},"featured_media":38614,"comment_status":"open","ping_status":"closed","template":"","meta":{"_acf_changed":false},"product_cat":[95],"product_tag":[],"class_list":["post-38615","product","type-product","status-publish","has-post-thumbnail","hentry","product_cat-hospital-centenario-sao-leopoldo"],"acf":[],"_links":{"self":[{"href":"https:\/\/www.museuhistoricosl.com.br\/loja\/wp-json\/wp\/v2\/product\/38615","targetHints":{"allow":["GET"]}}],"collection":[{"href":"https:\/\/www.museuhistoricosl.com.br\/loja\/wp-json\/wp\/v2\/product"}],"about":[{"href":"https:\/\/www.museuhistoricosl.com.br\/loja\/wp-json\/wp\/v2\/types\/product"}],"replies":[{"embeddable":true,"href":"https:\/\/www.museuhistoricosl.com.br\/loja\/wp-json\/wp\/v2\/comments?post=38615"}],"wp:featuredmedia":[{"embeddable":true,"href":"https:\/\/www.museuhistoricosl.com.br\/loja\/wp-json\/wp\/v2\/media\/38614"}],"wp:attachment":[{"href":"https:\/\/www.museuhistoricosl.com.br\/loja\/wp-json\/wp\/v2\/media?parent=38615"}],"wp:term":[{"taxonomy":"product_cat","embeddable":true,"href":"https:\/\/www.museuhistoricosl.com.br\/loja\/wp-json\/wp\/v2\/product_cat?post=38615"},{"taxonomy":"product_tag","embeddable":true,"href":"https:\/\/www.museuhistoricosl.com.br\/loja\/wp-json\/wp\/v2\/product_tag?post=38615"}],"curies":[{"name":"wp","href":"https:\/\/api.w.org\/{rel}","templated":true}]}}