{"id":38475,"date":"2022-01-14T09:24:03","date_gmt":"2022-01-14T12:24:03","guid":{"rendered":"https:\/\/www.museuhistoricosl.com.br\/loja\/produto\/sl055-fd-0069\/"},"modified":"2022-01-14T09:24:03","modified_gmt":"2022-01-14T12:24:03","slug":"sl055-fd-0069","status":"publish","type":"product","link":"https:\/\/www.museuhistoricosl.com.br\/loja\/produto\/sl055-fd-0069\/","title":{"rendered":"SL055-FD-0069"},"content":{"rendered":"<p>Inaugura\u00e7\u00e3o da Nova Lavanderia do Hospital Centen\u00e1rio dia 31\/03\/1992, publicada dia 01\/04\/1992; Hospital Centen\u00e1rio &#8211; S\u00e3o Leopoldo; <\/p>\n","protected":false},"excerpt":{"rendered":"<p>Inaugura\u00e7\u00e3o da Nova Lavanderia do Hospital Centen\u00e1rio dia 31\/03\/1992, publicada dia 01\/04\/1992; Hospital Centen\u00e1rio &#8211; S\u00e3o Leopoldo;<\/p>\n","protected":false},"featured_media":38474,"comment_status":"open","ping_status":"closed","template":"","meta":{"_acf_changed":false},"product_cat":[95],"product_tag":[],"class_list":["post-38475","product","type-product","status-publish","has-post-thumbnail","hentry","product_cat-hospital-centenario-sao-leopoldo"],"acf":[],"_links":{"self":[{"href":"https:\/\/www.museuhistoricosl.com.br\/loja\/wp-json\/wp\/v2\/product\/38475","targetHints":{"allow":["GET"]}}],"collection":[{"href":"https:\/\/www.museuhistoricosl.com.br\/loja\/wp-json\/wp\/v2\/product"}],"about":[{"href":"https:\/\/www.museuhistoricosl.com.br\/loja\/wp-json\/wp\/v2\/types\/product"}],"replies":[{"embeddable":true,"href":"https:\/\/www.museuhistoricosl.com.br\/loja\/wp-json\/wp\/v2\/comments?post=38475"}],"wp:featuredmedia":[{"embeddable":true,"href":"https:\/\/www.museuhistoricosl.com.br\/loja\/wp-json\/wp\/v2\/media\/38474"}],"wp:attachment":[{"href":"https:\/\/www.museuhistoricosl.com.br\/loja\/wp-json\/wp\/v2\/media?parent=38475"}],"wp:term":[{"taxonomy":"product_cat","embeddable":true,"href":"https:\/\/www.museuhistoricosl.com.br\/loja\/wp-json\/wp\/v2\/product_cat?post=38475"},{"taxonomy":"product_tag","embeddable":true,"href":"https:\/\/www.museuhistoricosl.com.br\/loja\/wp-json\/wp\/v2\/product_tag?post=38475"}],"curies":[{"name":"wp","href":"https:\/\/api.w.org\/{rel}","templated":true}]}}