{"id":38467,"date":"2022-01-14T09:23:58","date_gmt":"2022-01-14T12:23:58","guid":{"rendered":"https:\/\/www.museuhistoricosl.com.br\/loja\/produto\/sl055-fd-0065\/"},"modified":"2022-01-14T09:23:58","modified_gmt":"2022-01-14T12:23:58","slug":"sl055-fd-0065","status":"publish","type":"product","link":"https:\/\/www.museuhistoricosl.com.br\/loja\/produto\/sl055-fd-0065\/","title":{"rendered":"SL055-FD-0065"},"content":{"rendered":"<p>Hospital Centen\u00e1rio, Funcion\u00e1rio fazem manifesta\u00e7\u00e3o por melhores sal\u00e1rios 1992, Foto Marco; Hospital Centen\u00e1rio &#8211; S\u00e3o Leopoldo; <\/p>\n","protected":false},"excerpt":{"rendered":"<p>Hospital Centen\u00e1rio, Funcion\u00e1rio fazem manifesta\u00e7\u00e3o por melhores sal\u00e1rios 1992, Foto Marco; Hospital Centen\u00e1rio &#8211; S\u00e3o Leopoldo;<\/p>\n","protected":false},"featured_media":38466,"comment_status":"open","ping_status":"closed","template":"","meta":{"_acf_changed":false},"product_cat":[95],"product_tag":[],"class_list":["post-38467","product","type-product","status-publish","has-post-thumbnail","hentry","product_cat-hospital-centenario-sao-leopoldo"],"acf":[],"_links":{"self":[{"href":"https:\/\/www.museuhistoricosl.com.br\/loja\/wp-json\/wp\/v2\/product\/38467","targetHints":{"allow":["GET"]}}],"collection":[{"href":"https:\/\/www.museuhistoricosl.com.br\/loja\/wp-json\/wp\/v2\/product"}],"about":[{"href":"https:\/\/www.museuhistoricosl.com.br\/loja\/wp-json\/wp\/v2\/types\/product"}],"replies":[{"embeddable":true,"href":"https:\/\/www.museuhistoricosl.com.br\/loja\/wp-json\/wp\/v2\/comments?post=38467"}],"wp:featuredmedia":[{"embeddable":true,"href":"https:\/\/www.museuhistoricosl.com.br\/loja\/wp-json\/wp\/v2\/media\/38466"}],"wp:attachment":[{"href":"https:\/\/www.museuhistoricosl.com.br\/loja\/wp-json\/wp\/v2\/media?parent=38467"}],"wp:term":[{"taxonomy":"product_cat","embeddable":true,"href":"https:\/\/www.museuhistoricosl.com.br\/loja\/wp-json\/wp\/v2\/product_cat?post=38467"},{"taxonomy":"product_tag","embeddable":true,"href":"https:\/\/www.museuhistoricosl.com.br\/loja\/wp-json\/wp\/v2\/product_tag?post=38467"}],"curies":[{"name":"wp","href":"https:\/\/api.w.org\/{rel}","templated":true}]}}