{"id":38290,"date":"2022-01-14T09:14:24","date_gmt":"2022-01-14T12:14:24","guid":{"rendered":"https:\/\/www.museuhistoricosl.com.br\/loja\/produto\/sl053-fd-0042\/"},"modified":"2022-01-14T09:14:24","modified_gmt":"2022-01-14T12:14:24","slug":"sl053-fd-0042","status":"publish","type":"product","link":"https:\/\/www.museuhistoricosl.com.br\/loja\/produto\/sl053-fd-0042\/","title":{"rendered":"SL053-FD-0042"},"content":{"rendered":"<p>14 out 84; Servi\u00e7o Municipal de \u00c1guas e Esgotos; Esta\u00e7\u00e3o de Recalque de Esgotos; Hidr\u00e1ulica e Abastecimento de \u00e1gua; <\/p>\n","protected":false},"excerpt":{"rendered":"<p>14 out 84; Servi\u00e7o Municipal de \u00c1guas e Esgotos; Esta\u00e7\u00e3o de Recalque de Esgotos; Hidr\u00e1ulica e Abastecimento de \u00e1gua;<\/p>\n","protected":false},"featured_media":38289,"comment_status":"open","ping_status":"closed","template":"","meta":{"_acf_changed":false},"product_cat":[94],"product_tag":[],"class_list":["post-38290","product","type-product","status-publish","has-post-thumbnail","hentry","product_cat-hidraulica-e-abastecimento-de-agua"],"acf":[],"_links":{"self":[{"href":"https:\/\/www.museuhistoricosl.com.br\/loja\/wp-json\/wp\/v2\/product\/38290","targetHints":{"allow":["GET"]}}],"collection":[{"href":"https:\/\/www.museuhistoricosl.com.br\/loja\/wp-json\/wp\/v2\/product"}],"about":[{"href":"https:\/\/www.museuhistoricosl.com.br\/loja\/wp-json\/wp\/v2\/types\/product"}],"replies":[{"embeddable":true,"href":"https:\/\/www.museuhistoricosl.com.br\/loja\/wp-json\/wp\/v2\/comments?post=38290"}],"wp:featuredmedia":[{"embeddable":true,"href":"https:\/\/www.museuhistoricosl.com.br\/loja\/wp-json\/wp\/v2\/media\/38289"}],"wp:attachment":[{"href":"https:\/\/www.museuhistoricosl.com.br\/loja\/wp-json\/wp\/v2\/media?parent=38290"}],"wp:term":[{"taxonomy":"product_cat","embeddable":true,"href":"https:\/\/www.museuhistoricosl.com.br\/loja\/wp-json\/wp\/v2\/product_cat?post=38290"},{"taxonomy":"product_tag","embeddable":true,"href":"https:\/\/www.museuhistoricosl.com.br\/loja\/wp-json\/wp\/v2\/product_tag?post=38290"}],"curies":[{"name":"wp","href":"https:\/\/api.w.org\/{rel}","templated":true}]}}