{"id":38238,"date":"2022-01-14T09:14:02","date_gmt":"2022-01-14T12:14:02","guid":{"rendered":"https:\/\/www.museuhistoricosl.com.br\/loja\/produto\/sl053-fd-0016\/"},"modified":"2022-01-14T09:14:02","modified_gmt":"2022-01-14T12:14:02","slug":"sl053-fd-0016","status":"publish","type":"product","link":"https:\/\/www.museuhistoricosl.com.br\/loja\/produto\/sl053-fd-0016\/","title":{"rendered":"SL053-FD-0016"},"content":{"rendered":"<p>1983 &#8211; Hidr\u00e1ulica &#8211; vista externa; Hidr\u00e1ulica e Abastecimento de \u00e1gua; <\/p>\n","protected":false},"excerpt":{"rendered":"<p>1983 &#8211; Hidr\u00e1ulica &#8211; vista externa; Hidr\u00e1ulica e Abastecimento de \u00e1gua;<\/p>\n","protected":false},"featured_media":38237,"comment_status":"open","ping_status":"closed","template":"","meta":{"_acf_changed":false},"product_cat":[94],"product_tag":[],"class_list":["post-38238","product","type-product","status-publish","has-post-thumbnail","hentry","product_cat-hidraulica-e-abastecimento-de-agua"],"acf":[],"_links":{"self":[{"href":"https:\/\/www.museuhistoricosl.com.br\/loja\/wp-json\/wp\/v2\/product\/38238","targetHints":{"allow":["GET"]}}],"collection":[{"href":"https:\/\/www.museuhistoricosl.com.br\/loja\/wp-json\/wp\/v2\/product"}],"about":[{"href":"https:\/\/www.museuhistoricosl.com.br\/loja\/wp-json\/wp\/v2\/types\/product"}],"replies":[{"embeddable":true,"href":"https:\/\/www.museuhistoricosl.com.br\/loja\/wp-json\/wp\/v2\/comments?post=38238"}],"wp:featuredmedia":[{"embeddable":true,"href":"https:\/\/www.museuhistoricosl.com.br\/loja\/wp-json\/wp\/v2\/media\/38237"}],"wp:attachment":[{"href":"https:\/\/www.museuhistoricosl.com.br\/loja\/wp-json\/wp\/v2\/media?parent=38238"}],"wp:term":[{"taxonomy":"product_cat","embeddable":true,"href":"https:\/\/www.museuhistoricosl.com.br\/loja\/wp-json\/wp\/v2\/product_cat?post=38238"},{"taxonomy":"product_tag","embeddable":true,"href":"https:\/\/www.museuhistoricosl.com.br\/loja\/wp-json\/wp\/v2\/product_tag?post=38238"}],"curies":[{"name":"wp","href":"https:\/\/api.w.org\/{rel}","templated":true}]}}