{"id":38224,"date":"2022-01-14T09:13:56","date_gmt":"2022-01-14T12:13:56","guid":{"rendered":"https:\/\/www.museuhistoricosl.com.br\/loja\/produto\/sl053-fd-0009\/"},"modified":"2022-01-14T09:13:56","modified_gmt":"2022-01-14T12:13:56","slug":"sl053-fd-0009","status":"publish","type":"product","link":"https:\/\/www.museuhistoricosl.com.br\/loja\/produto\/sl053-fd-0009\/","title":{"rendered":"SL053-FD-0009"},"content":{"rendered":"<p>Hidr\u00e1ulica, S\u00e3o Leopoldo. &#8211; C\u00f3digo anterior de cat\u00e1logo:FD 53,9; Hidr\u00e1ulica e Abastecimento de \u00e1gua; <\/p>\n","protected":false},"excerpt":{"rendered":"<p>Hidr\u00e1ulica, S\u00e3o Leopoldo. &#8211; C\u00f3digo anterior de cat\u00e1logo:FD 53,9; Hidr\u00e1ulica e Abastecimento de \u00e1gua;<\/p>\n","protected":false},"featured_media":38223,"comment_status":"open","ping_status":"closed","template":"","meta":{"_acf_changed":false},"product_cat":[94],"product_tag":[],"class_list":["post-38224","product","type-product","status-publish","has-post-thumbnail","hentry","product_cat-hidraulica-e-abastecimento-de-agua"],"acf":[],"_links":{"self":[{"href":"https:\/\/www.museuhistoricosl.com.br\/loja\/wp-json\/wp\/v2\/product\/38224","targetHints":{"allow":["GET"]}}],"collection":[{"href":"https:\/\/www.museuhistoricosl.com.br\/loja\/wp-json\/wp\/v2\/product"}],"about":[{"href":"https:\/\/www.museuhistoricosl.com.br\/loja\/wp-json\/wp\/v2\/types\/product"}],"replies":[{"embeddable":true,"href":"https:\/\/www.museuhistoricosl.com.br\/loja\/wp-json\/wp\/v2\/comments?post=38224"}],"wp:featuredmedia":[{"embeddable":true,"href":"https:\/\/www.museuhistoricosl.com.br\/loja\/wp-json\/wp\/v2\/media\/38223"}],"wp:attachment":[{"href":"https:\/\/www.museuhistoricosl.com.br\/loja\/wp-json\/wp\/v2\/media?parent=38224"}],"wp:term":[{"taxonomy":"product_cat","embeddable":true,"href":"https:\/\/www.museuhistoricosl.com.br\/loja\/wp-json\/wp\/v2\/product_cat?post=38224"},{"taxonomy":"product_tag","embeddable":true,"href":"https:\/\/www.museuhistoricosl.com.br\/loja\/wp-json\/wp\/v2\/product_tag?post=38224"}],"curies":[{"name":"wp","href":"https:\/\/api.w.org\/{rel}","templated":true}]}}