{"id":38220,"date":"2022-01-14T09:13:55","date_gmt":"2022-01-14T12:13:55","guid":{"rendered":"https:\/\/www.museuhistoricosl.com.br\/loja\/produto\/sl053-fd-0007\/"},"modified":"2022-01-14T09:13:55","modified_gmt":"2022-01-14T12:13:55","slug":"sl053-fd-0007","status":"publish","type":"product","link":"https:\/\/www.museuhistoricosl.com.br\/loja\/produto\/sl053-fd-0007\/","title":{"rendered":"SL053-FD-0007"},"content":{"rendered":"<p>Hidr\u00e1ulica &#8211; Foto de Mario Fonseca. &#8211; C\u00f3digo anterior de cat\u00e1logo:FD 53,7; Hidr\u00e1ulica e Abastecimento de \u00e1gua; <\/p>\n","protected":false},"excerpt":{"rendered":"<p>Hidr\u00e1ulica &#8211; Foto de Mario Fonseca. &#8211; C\u00f3digo anterior de cat\u00e1logo:FD 53,7; Hidr\u00e1ulica e Abastecimento de \u00e1gua;<\/p>\n","protected":false},"featured_media":38219,"comment_status":"open","ping_status":"closed","template":"","meta":{"_acf_changed":false},"product_cat":[94],"product_tag":[],"class_list":["post-38220","product","type-product","status-publish","has-post-thumbnail","hentry","product_cat-hidraulica-e-abastecimento-de-agua"],"acf":[],"_links":{"self":[{"href":"https:\/\/www.museuhistoricosl.com.br\/loja\/wp-json\/wp\/v2\/product\/38220","targetHints":{"allow":["GET"]}}],"collection":[{"href":"https:\/\/www.museuhistoricosl.com.br\/loja\/wp-json\/wp\/v2\/product"}],"about":[{"href":"https:\/\/www.museuhistoricosl.com.br\/loja\/wp-json\/wp\/v2\/types\/product"}],"replies":[{"embeddable":true,"href":"https:\/\/www.museuhistoricosl.com.br\/loja\/wp-json\/wp\/v2\/comments?post=38220"}],"wp:featuredmedia":[{"embeddable":true,"href":"https:\/\/www.museuhistoricosl.com.br\/loja\/wp-json\/wp\/v2\/media\/38219"}],"wp:attachment":[{"href":"https:\/\/www.museuhistoricosl.com.br\/loja\/wp-json\/wp\/v2\/media?parent=38220"}],"wp:term":[{"taxonomy":"product_cat","embeddable":true,"href":"https:\/\/www.museuhistoricosl.com.br\/loja\/wp-json\/wp\/v2\/product_cat?post=38220"},{"taxonomy":"product_tag","embeddable":true,"href":"https:\/\/www.museuhistoricosl.com.br\/loja\/wp-json\/wp\/v2\/product_tag?post=38220"}],"curies":[{"name":"wp","href":"https:\/\/api.w.org\/{rel}","templated":true}]}}