{"id":38218,"date":"2022-01-14T09:13:54","date_gmt":"2022-01-14T12:13:54","guid":{"rendered":"https:\/\/www.museuhistoricosl.com.br\/loja\/produto\/sl053-fd-0006\/"},"modified":"2022-01-14T09:13:54","modified_gmt":"2022-01-14T12:13:54","slug":"sl053-fd-0006","status":"publish","type":"product","link":"https:\/\/www.museuhistoricosl.com.br\/loja\/produto\/sl053-fd-0006\/","title":{"rendered":"SL053-FD-0006"},"content":{"rendered":"<p>Hidr\u00e1ulica em ajardinamento. Trilhos da estrada de ferro da fazenda S. Borja, pr\u00f3ximo do Morro de Paula (Steinkopf). &#8211; C\u00f3digo anterior de cat\u00e1logo:FD 53,6; Hidr\u00e1ulica e Abastecimento de \u00e1gua; <\/p>\n","protected":false},"excerpt":{"rendered":"<p>Hidr\u00e1ulica em ajardinamento. Trilhos da estrada de ferro da fazenda S. Borja, pr\u00f3ximo do Morro de Paula (Steinkopf). &#8211; C\u00f3digo<\/p>\n","protected":false},"featured_media":38217,"comment_status":"open","ping_status":"closed","template":"","meta":{"_acf_changed":false},"product_cat":[94],"product_tag":[],"class_list":["post-38218","product","type-product","status-publish","has-post-thumbnail","hentry","product_cat-hidraulica-e-abastecimento-de-agua"],"acf":[],"_links":{"self":[{"href":"https:\/\/www.museuhistoricosl.com.br\/loja\/wp-json\/wp\/v2\/product\/38218","targetHints":{"allow":["GET"]}}],"collection":[{"href":"https:\/\/www.museuhistoricosl.com.br\/loja\/wp-json\/wp\/v2\/product"}],"about":[{"href":"https:\/\/www.museuhistoricosl.com.br\/loja\/wp-json\/wp\/v2\/types\/product"}],"replies":[{"embeddable":true,"href":"https:\/\/www.museuhistoricosl.com.br\/loja\/wp-json\/wp\/v2\/comments?post=38218"}],"wp:featuredmedia":[{"embeddable":true,"href":"https:\/\/www.museuhistoricosl.com.br\/loja\/wp-json\/wp\/v2\/media\/38217"}],"wp:attachment":[{"href":"https:\/\/www.museuhistoricosl.com.br\/loja\/wp-json\/wp\/v2\/media?parent=38218"}],"wp:term":[{"taxonomy":"product_cat","embeddable":true,"href":"https:\/\/www.museuhistoricosl.com.br\/loja\/wp-json\/wp\/v2\/product_cat?post=38218"},{"taxonomy":"product_tag","embeddable":true,"href":"https:\/\/www.museuhistoricosl.com.br\/loja\/wp-json\/wp\/v2\/product_tag?post=38218"}],"curies":[{"name":"wp","href":"https:\/\/api.w.org\/{rel}","templated":true}]}}