{"id":37921,"date":"2022-01-14T09:04:40","date_gmt":"2022-01-14T12:04:40","guid":{"rendered":"https:\/\/www.museuhistoricosl.com.br\/loja\/produto\/sl025-fd-0566\/"},"modified":"2022-01-14T09:04:40","modified_gmt":"2022-01-14T12:04:40","slug":"sl025-fd-0566","status":"publish","type":"product","link":"https:\/\/www.museuhistoricosl.com.br\/loja\/produto\/sl025-fd-0566\/","title":{"rendered":"SL025-FD-0566"},"content":{"rendered":"<p>Lions, Lions Clube S\u00e3o Leopoldo Scharlau, A Presidente da Creche Santa Rita de C\u00e1ssia, o Governo 87\/88 Oly Ant\u00e3o da Rosa e o Governor 81\/82 Gilbeto de Azevedo e Souza na visita \u00e0quela creche constr\u00edda com o aux\u00edlio do governo do estado &#8211; o clube apenas completou o que ficou faltando na constru\u00e7\u00e3o, equipou a toda e a administra. Desde sua funda\u00e7\u00e3o \u00e9 Presidente a DM Arlete Garagnani, a criadora e mantenedora da mesma.; Grupos e clubes de Servi\u00e7os: Lions, Girassol, Rotary, Soroptmista, Escoteiros, Amencar, etc; <\/p>\n","protected":false},"excerpt":{"rendered":"<p>Lions, Lions Clube S\u00e3o Leopoldo Scharlau, A Presidente da Creche Santa Rita de C\u00e1ssia, o Governo 87\/88 Oly Ant\u00e3o da<\/p>\n","protected":false},"featured_media":37920,"comment_status":"open","ping_status":"closed","template":"","meta":{"_acf_changed":false},"product_cat":[92,91,93,88,87,89,90],"product_tag":[],"class_list":["post-37921","product","type-product","status-publish","has-post-thumbnail","hentry","product_cat-amencar","product_cat-escoteiros","product_cat-etc","product_cat-girassol","product_cat-grupos-e-clubes-de-servicos-lions","product_cat-rotary","product_cat-soroptmista"],"acf":[],"_links":{"self":[{"href":"https:\/\/www.museuhistoricosl.com.br\/loja\/wp-json\/wp\/v2\/product\/37921","targetHints":{"allow":["GET"]}}],"collection":[{"href":"https:\/\/www.museuhistoricosl.com.br\/loja\/wp-json\/wp\/v2\/product"}],"about":[{"href":"https:\/\/www.museuhistoricosl.com.br\/loja\/wp-json\/wp\/v2\/types\/product"}],"replies":[{"embeddable":true,"href":"https:\/\/www.museuhistoricosl.com.br\/loja\/wp-json\/wp\/v2\/comments?post=37921"}],"wp:featuredmedia":[{"embeddable":true,"href":"https:\/\/www.museuhistoricosl.com.br\/loja\/wp-json\/wp\/v2\/media\/37920"}],"wp:attachment":[{"href":"https:\/\/www.museuhistoricosl.com.br\/loja\/wp-json\/wp\/v2\/media?parent=37921"}],"wp:term":[{"taxonomy":"product_cat","embeddable":true,"href":"https:\/\/www.museuhistoricosl.com.br\/loja\/wp-json\/wp\/v2\/product_cat?post=37921"},{"taxonomy":"product_tag","embeddable":true,"href":"https:\/\/www.museuhistoricosl.com.br\/loja\/wp-json\/wp\/v2\/product_tag?post=37921"}],"curies":[{"name":"wp","href":"https:\/\/api.w.org\/{rel}","templated":true}]}}