{"id":37847,"date":"2022-01-14T09:04:01","date_gmt":"2022-01-14T12:04:01","guid":{"rendered":"https:\/\/www.museuhistoricosl.com.br\/loja\/produto\/sl025-fd-0529\/"},"modified":"2022-01-14T09:04:01","modified_gmt":"2022-01-14T12:04:01","slug":"sl025-fd-0529","status":"publish","type":"product","link":"https:\/\/www.museuhistoricosl.com.br\/loja\/produto\/sl025-fd-0529\/","title":{"rendered":"SL025-FD-0529"},"content":{"rendered":"<p>Lions, Lions Club 25 de Julho, Baile dos Le\u00f5es, Frederico P\u00f3voas Jr. E Eunice, Luis Renato e Eloisa Oliva, Luis Afonso e T\u00e2nia Hoefel, 08\/1985, Foto Nilson; Grupos e clubes de Servi\u00e7os: Lions, Girassol, Rotary, Soroptmista, Escoteiros, Amencar, etc; <\/p>\n","protected":false},"excerpt":{"rendered":"<p>Lions, Lions Club 25 de Julho, Baile dos Le\u00f5es, Frederico P\u00f3voas Jr. E Eunice, Luis Renato e Eloisa Oliva, Luis<\/p>\n","protected":false},"featured_media":37846,"comment_status":"open","ping_status":"closed","template":"","meta":{"_acf_changed":false},"product_cat":[92,91,93,88,87,89,90],"product_tag":[],"class_list":["post-37847","product","type-product","status-publish","has-post-thumbnail","hentry","product_cat-amencar","product_cat-escoteiros","product_cat-etc","product_cat-girassol","product_cat-grupos-e-clubes-de-servicos-lions","product_cat-rotary","product_cat-soroptmista"],"acf":[],"_links":{"self":[{"href":"https:\/\/www.museuhistoricosl.com.br\/loja\/wp-json\/wp\/v2\/product\/37847","targetHints":{"allow":["GET"]}}],"collection":[{"href":"https:\/\/www.museuhistoricosl.com.br\/loja\/wp-json\/wp\/v2\/product"}],"about":[{"href":"https:\/\/www.museuhistoricosl.com.br\/loja\/wp-json\/wp\/v2\/types\/product"}],"replies":[{"embeddable":true,"href":"https:\/\/www.museuhistoricosl.com.br\/loja\/wp-json\/wp\/v2\/comments?post=37847"}],"wp:featuredmedia":[{"embeddable":true,"href":"https:\/\/www.museuhistoricosl.com.br\/loja\/wp-json\/wp\/v2\/media\/37846"}],"wp:attachment":[{"href":"https:\/\/www.museuhistoricosl.com.br\/loja\/wp-json\/wp\/v2\/media?parent=37847"}],"wp:term":[{"taxonomy":"product_cat","embeddable":true,"href":"https:\/\/www.museuhistoricosl.com.br\/loja\/wp-json\/wp\/v2\/product_cat?post=37847"},{"taxonomy":"product_tag","embeddable":true,"href":"https:\/\/www.museuhistoricosl.com.br\/loja\/wp-json\/wp\/v2\/product_tag?post=37847"}],"curies":[{"name":"wp","href":"https:\/\/api.w.org\/{rel}","templated":true}]}}