{"id":3782,"date":"2021-12-16T14:03:17","date_gmt":"2021-12-16T17:03:17","guid":{"rendered":"https:\/\/www.museuhistoricosl.com.br\/novosite\/produto\/sl024-fd-0243\/"},"modified":"2021-12-16T14:03:17","modified_gmt":"2021-12-16T17:03:17","slug":"sl024-fd-0243","status":"publish","type":"product","link":"https:\/\/www.museuhistoricosl.com.br\/loja\/produto\/sl024-fd-0243\/","title":{"rendered":"SL024-FD-0243"},"content":{"rendered":"<p>Igreja de Cristo, Vista dos fundos da Antiga Igreja com a 1\u00aa casa, do pastor, escola e o primeiro sino em S\u00e3o Leopoldo; Comunidade Evang\u00e9lica Luterana em S\u00e3o Leopoldo; <\/p>\n","protected":false},"excerpt":{"rendered":"<p>Igreja de Cristo, Vista dos fundos da Antiga Igreja com a 1\u00aa casa, do pastor, escola e o primeiro sino<\/p>\n","protected":false},"featured_media":3781,"comment_status":"open","ping_status":"closed","template":"","meta":{"_acf_changed":false},"product_cat":[36],"product_tag":[],"class_list":["post-3782","product","type-product","status-publish","has-post-thumbnail","hentry","product_cat-comunidade-evangelica-luterana-em-sao-leopoldo"],"acf":[],"_links":{"self":[{"href":"https:\/\/www.museuhistoricosl.com.br\/loja\/wp-json\/wp\/v2\/product\/3782","targetHints":{"allow":["GET"]}}],"collection":[{"href":"https:\/\/www.museuhistoricosl.com.br\/loja\/wp-json\/wp\/v2\/product"}],"about":[{"href":"https:\/\/www.museuhistoricosl.com.br\/loja\/wp-json\/wp\/v2\/types\/product"}],"replies":[{"embeddable":true,"href":"https:\/\/www.museuhistoricosl.com.br\/loja\/wp-json\/wp\/v2\/comments?post=3782"}],"wp:featuredmedia":[{"embeddable":true,"href":"https:\/\/www.museuhistoricosl.com.br\/loja\/wp-json\/wp\/v2\/media\/3781"}],"wp:attachment":[{"href":"https:\/\/www.museuhistoricosl.com.br\/loja\/wp-json\/wp\/v2\/media?parent=3782"}],"wp:term":[{"taxonomy":"product_cat","embeddable":true,"href":"https:\/\/www.museuhistoricosl.com.br\/loja\/wp-json\/wp\/v2\/product_cat?post=3782"},{"taxonomy":"product_tag","embeddable":true,"href":"https:\/\/www.museuhistoricosl.com.br\/loja\/wp-json\/wp\/v2\/product_tag?post=3782"}],"curies":[{"name":"wp","href":"https:\/\/api.w.org\/{rel}","templated":true}]}}