{"id":37781,"date":"2022-01-14T09:03:28","date_gmt":"2022-01-14T12:03:28","guid":{"rendered":"https:\/\/www.museuhistoricosl.com.br\/loja\/produto\/sl025-fd-0496\/"},"modified":"2022-01-14T09:03:28","modified_gmt":"2022-01-14T12:03:28","slug":"sl025-fd-0496","status":"publish","type":"product","link":"https:\/\/www.museuhistoricosl.com.br\/loja\/produto\/sl025-fd-0496\/","title":{"rendered":"SL025-FD-0496"},"content":{"rendered":"<p>Lions, Ren\u00ea-Iara Eicksteadt, Orestes-Maria Helena Mar\u00f3stica, Naoyr-Os\u00e2nia Klein, Pedro Groiz Vieira e Cl\u00e9lia, novo s\u00f3cios Lions Padre Reus, 08\/04\/1985; Grupos e clubes de Servi\u00e7os: Lions, Girassol, Rotary, Soroptmista, Escoteiros, Amencar, etc; <\/p>\n","protected":false},"excerpt":{"rendered":"<p>Lions, Ren\u00ea-Iara Eicksteadt, Orestes-Maria Helena Mar\u00f3stica, Naoyr-Os\u00e2nia Klein, Pedro Groiz Vieira e Cl\u00e9lia, novo s\u00f3cios Lions Padre Reus, 08\/04\/1985; Grupos<\/p>\n","protected":false},"featured_media":37780,"comment_status":"open","ping_status":"closed","template":"","meta":{"_acf_changed":false},"product_cat":[92,91,93,88,87,89,90],"product_tag":[],"class_list":["post-37781","product","type-product","status-publish","has-post-thumbnail","hentry","product_cat-amencar","product_cat-escoteiros","product_cat-etc","product_cat-girassol","product_cat-grupos-e-clubes-de-servicos-lions","product_cat-rotary","product_cat-soroptmista"],"acf":[],"_links":{"self":[{"href":"https:\/\/www.museuhistoricosl.com.br\/loja\/wp-json\/wp\/v2\/product\/37781","targetHints":{"allow":["GET"]}}],"collection":[{"href":"https:\/\/www.museuhistoricosl.com.br\/loja\/wp-json\/wp\/v2\/product"}],"about":[{"href":"https:\/\/www.museuhistoricosl.com.br\/loja\/wp-json\/wp\/v2\/types\/product"}],"replies":[{"embeddable":true,"href":"https:\/\/www.museuhistoricosl.com.br\/loja\/wp-json\/wp\/v2\/comments?post=37781"}],"wp:featuredmedia":[{"embeddable":true,"href":"https:\/\/www.museuhistoricosl.com.br\/loja\/wp-json\/wp\/v2\/media\/37780"}],"wp:attachment":[{"href":"https:\/\/www.museuhistoricosl.com.br\/loja\/wp-json\/wp\/v2\/media?parent=37781"}],"wp:term":[{"taxonomy":"product_cat","embeddable":true,"href":"https:\/\/www.museuhistoricosl.com.br\/loja\/wp-json\/wp\/v2\/product_cat?post=37781"},{"taxonomy":"product_tag","embeddable":true,"href":"https:\/\/www.museuhistoricosl.com.br\/loja\/wp-json\/wp\/v2\/product_tag?post=37781"}],"curies":[{"name":"wp","href":"https:\/\/api.w.org\/{rel}","templated":true}]}}