{"id":37277,"date":"2022-01-14T08:58:34","date_gmt":"2022-01-14T11:58:34","guid":{"rendered":"https:\/\/www.museuhistoricosl.com.br\/loja\/produto\/sl025-fd-0244\/"},"modified":"2022-01-14T08:58:34","modified_gmt":"2022-01-14T11:58:34","slug":"sl025-fd-0244","status":"publish","type":"product","link":"https:\/\/www.museuhistoricosl.com.br\/loja\/produto\/sl025-fd-0244\/","title":{"rendered":"SL025-FD-0244"},"content":{"rendered":"<p>Lions Club, Lions Scharlau, Homenage aos Ex-Governadores, Reuni\u00f5 de 20\/02\/1980, Governador do Distrito &#8211; CL Edgar A. Heurich, Pres. Do Clube &#8211; CL Ernesto Rosa da Silva, Secret\u00e1rio CL Wilson Szeckir, Clubes que participaram da homenagem: L.C. S\u00e3o Leopoldo: 25 de Julho, Centro, Rua Grande, Scharlau, L.C. Esteio: Centro Exposi\u00e7\u00e3o, L.C. Sapucaia do Sul, Presentes: CL Nadyr C. Klein, Vice-Gov. Regi\u00e3o A, CL Ricardo Petry, Pres. Div. A-1, CL Roberto Str\u00f6her, Pres. Div. A-2; Grupos e clubes de Servi\u00e7os: Lions, Girassol, Rotary, Soroptmista, Escoteiros, Amencar, etc; <\/p>\n","protected":false},"excerpt":{"rendered":"<p>Lions Club, Lions Scharlau, Homenage aos Ex-Governadores, Reuni\u00f5 de 20\/02\/1980, Governador do Distrito &#8211; CL Edgar A. Heurich, Pres. Do<\/p>\n","protected":false},"featured_media":37276,"comment_status":"open","ping_status":"closed","template":"","meta":{"_acf_changed":false},"product_cat":[92,91,93,88,87,89,90],"product_tag":[],"class_list":["post-37277","product","type-product","status-publish","has-post-thumbnail","hentry","product_cat-amencar","product_cat-escoteiros","product_cat-etc","product_cat-girassol","product_cat-grupos-e-clubes-de-servicos-lions","product_cat-rotary","product_cat-soroptmista"],"acf":[],"_links":{"self":[{"href":"https:\/\/www.museuhistoricosl.com.br\/loja\/wp-json\/wp\/v2\/product\/37277","targetHints":{"allow":["GET"]}}],"collection":[{"href":"https:\/\/www.museuhistoricosl.com.br\/loja\/wp-json\/wp\/v2\/product"}],"about":[{"href":"https:\/\/www.museuhistoricosl.com.br\/loja\/wp-json\/wp\/v2\/types\/product"}],"replies":[{"embeddable":true,"href":"https:\/\/www.museuhistoricosl.com.br\/loja\/wp-json\/wp\/v2\/comments?post=37277"}],"wp:featuredmedia":[{"embeddable":true,"href":"https:\/\/www.museuhistoricosl.com.br\/loja\/wp-json\/wp\/v2\/media\/37276"}],"wp:attachment":[{"href":"https:\/\/www.museuhistoricosl.com.br\/loja\/wp-json\/wp\/v2\/media?parent=37277"}],"wp:term":[{"taxonomy":"product_cat","embeddable":true,"href":"https:\/\/www.museuhistoricosl.com.br\/loja\/wp-json\/wp\/v2\/product_cat?post=37277"},{"taxonomy":"product_tag","embeddable":true,"href":"https:\/\/www.museuhistoricosl.com.br\/loja\/wp-json\/wp\/v2\/product_tag?post=37277"}],"curies":[{"name":"wp","href":"https:\/\/api.w.org\/{rel}","templated":true}]}}