{"id":37167,"date":"2022-01-14T08:57:19","date_gmt":"2022-01-14T11:57:19","guid":{"rendered":"https:\/\/www.museuhistoricosl.com.br\/loja\/produto\/sl025-fd-0189\/"},"modified":"2022-01-14T08:57:19","modified_gmt":"2022-01-14T11:57:19","slug":"sl025-fd-0189","status":"publish","type":"product","link":"https:\/\/www.museuhistoricosl.com.br\/loja\/produto\/sl025-fd-0189\/","title":{"rendered":"SL025-FD-0189"},"content":{"rendered":"<p>Clubes de Servi\u00e7o, Rotary, Recep\u00e7\u00e3o das esposas rot\u00e1rianas do Rotary Club Sul para a esposa do governador distrito 467, Sra Cristina Marquardt, num ch\u00e1, dia 08\/09\/1980; Grupos e clubes de Servi\u00e7os: Lions, Girassol, Rotary, Soroptmista, Escoteiros, Amencar, etc; <\/p>\n","protected":false},"excerpt":{"rendered":"<p>Clubes de Servi\u00e7o, Rotary, Recep\u00e7\u00e3o das esposas rot\u00e1rianas do Rotary Club Sul para a esposa do governador distrito 467, Sra<\/p>\n","protected":false},"featured_media":37166,"comment_status":"open","ping_status":"closed","template":"","meta":{"_acf_changed":false},"product_cat":[92,91,93,88,87,89,90],"product_tag":[],"class_list":["post-37167","product","type-product","status-publish","has-post-thumbnail","hentry","product_cat-amencar","product_cat-escoteiros","product_cat-etc","product_cat-girassol","product_cat-grupos-e-clubes-de-servicos-lions","product_cat-rotary","product_cat-soroptmista"],"acf":[],"_links":{"self":[{"href":"https:\/\/www.museuhistoricosl.com.br\/loja\/wp-json\/wp\/v2\/product\/37167","targetHints":{"allow":["GET"]}}],"collection":[{"href":"https:\/\/www.museuhistoricosl.com.br\/loja\/wp-json\/wp\/v2\/product"}],"about":[{"href":"https:\/\/www.museuhistoricosl.com.br\/loja\/wp-json\/wp\/v2\/types\/product"}],"replies":[{"embeddable":true,"href":"https:\/\/www.museuhistoricosl.com.br\/loja\/wp-json\/wp\/v2\/comments?post=37167"}],"wp:featuredmedia":[{"embeddable":true,"href":"https:\/\/www.museuhistoricosl.com.br\/loja\/wp-json\/wp\/v2\/media\/37166"}],"wp:attachment":[{"href":"https:\/\/www.museuhistoricosl.com.br\/loja\/wp-json\/wp\/v2\/media?parent=37167"}],"wp:term":[{"taxonomy":"product_cat","embeddable":true,"href":"https:\/\/www.museuhistoricosl.com.br\/loja\/wp-json\/wp\/v2\/product_cat?post=37167"},{"taxonomy":"product_tag","embeddable":true,"href":"https:\/\/www.museuhistoricosl.com.br\/loja\/wp-json\/wp\/v2\/product_tag?post=37167"}],"curies":[{"name":"wp","href":"https:\/\/api.w.org\/{rel}","templated":true}]}}