{"id":37029,"date":"2022-01-14T08:56:04","date_gmt":"2022-01-14T11:56:04","guid":{"rendered":"https:\/\/www.museuhistoricosl.com.br\/loja\/produto\/sl025-fd-0120\/"},"modified":"2022-01-14T08:56:04","modified_gmt":"2022-01-14T11:56:04","slug":"sl025-fd-0120","status":"publish","type":"product","link":"https:\/\/www.museuhistoricosl.com.br\/loja\/produto\/sl025-fd-0120\/","title":{"rendered":"SL025-FD-0120"},"content":{"rendered":"<p>Gov. do distrito L-7, Local RG, Foto Vilmar, 10\/11\/1992, Klaus Plump, Juli\u00e3o Tesch, Ranolfo Vieira, Jo\u00e3o Daudt, Cl\u00e1udio Storek, Dilson Riess, Pedro Heinech, Adroaldo Diesel, Carlos Heurich, Nadir Klein, Hugo Viegas, Elizabeth Rothmann, Yolanda Antonetti Silva, N\u00e9sia Lacerda Prompt, Edi Daudt, Maria Luiza Storck, Maria Celeste Riess, C\u00e9lia Lucas Vieira, Ac\u00e9lia Diesel; Grupos e clubes de Servi\u00e7os: Lions, Girassol, Rotary, Soroptmista, Escoteiros, Amencar, etc; <\/p>\n","protected":false},"excerpt":{"rendered":"<p>Gov. do distrito L-7, Local RG, Foto Vilmar, 10\/11\/1992, Klaus Plump, Juli\u00e3o Tesch, Ranolfo Vieira, Jo\u00e3o Daudt, Cl\u00e1udio Storek, Dilson<\/p>\n","protected":false},"featured_media":37028,"comment_status":"open","ping_status":"closed","template":"","meta":{"_acf_changed":false},"product_cat":[92,91,93,88,87,89,90],"product_tag":[],"class_list":["post-37029","product","type-product","status-publish","has-post-thumbnail","hentry","product_cat-amencar","product_cat-escoteiros","product_cat-etc","product_cat-girassol","product_cat-grupos-e-clubes-de-servicos-lions","product_cat-rotary","product_cat-soroptmista"],"acf":[],"_links":{"self":[{"href":"https:\/\/www.museuhistoricosl.com.br\/loja\/wp-json\/wp\/v2\/product\/37029","targetHints":{"allow":["GET"]}}],"collection":[{"href":"https:\/\/www.museuhistoricosl.com.br\/loja\/wp-json\/wp\/v2\/product"}],"about":[{"href":"https:\/\/www.museuhistoricosl.com.br\/loja\/wp-json\/wp\/v2\/types\/product"}],"replies":[{"embeddable":true,"href":"https:\/\/www.museuhistoricosl.com.br\/loja\/wp-json\/wp\/v2\/comments?post=37029"}],"wp:featuredmedia":[{"embeddable":true,"href":"https:\/\/www.museuhistoricosl.com.br\/loja\/wp-json\/wp\/v2\/media\/37028"}],"wp:attachment":[{"href":"https:\/\/www.museuhistoricosl.com.br\/loja\/wp-json\/wp\/v2\/media?parent=37029"}],"wp:term":[{"taxonomy":"product_cat","embeddable":true,"href":"https:\/\/www.museuhistoricosl.com.br\/loja\/wp-json\/wp\/v2\/product_cat?post=37029"},{"taxonomy":"product_tag","embeddable":true,"href":"https:\/\/www.museuhistoricosl.com.br\/loja\/wp-json\/wp\/v2\/product_tag?post=37029"}],"curies":[{"name":"wp","href":"https:\/\/api.w.org\/{rel}","templated":true}]}}