{"id":36684,"date":"2022-01-13T09:51:52","date_gmt":"2022-01-13T12:51:52","guid":{"rendered":"https:\/\/www.museuhistoricosl.com.br\/loja\/produto\/sl094-fd-0025\/"},"modified":"2022-01-13T09:51:52","modified_gmt":"2022-01-13T12:51:52","slug":"sl094-fd-0025","status":"publish","type":"product","link":"https:\/\/www.museuhistoricosl.com.br\/loja\/produto\/sl094-fd-0025\/","title":{"rendered":"SL094-FD-0025"},"content":{"rendered":"<p>Provavelmente um encontro do Partido Social Democr\u00e1tico (PSD), diret\u00f3rio de S\u00e3o Leopoldo. Sentados, da esquerda para a direita: o terceiro \u00e9 Carlos de Souza Moraes, ent\u00e3o prefeito de S\u00e3o Leopoldo; o quinto \u00e9 Theodomiro Porto da Fonseca, ent\u00e3o deputado federal; o s\u00e9timo \u00e9 Germano Hauschild, prefeito de S\u00e3o Leopoldo entre 1951 e 1955.  &#8211; C\u00f3digo anterior de cat\u00e1logo:FD 94-25; Fundo Theodomiro Porto da Fonseca; <\/p>\n","protected":false},"excerpt":{"rendered":"<p>Provavelmente um encontro do Partido Social Democr\u00e1tico (PSD), diret\u00f3rio de S\u00e3o Leopoldo. Sentados, da esquerda para a direita: o terceiro<\/p>\n","protected":false},"featured_media":36683,"comment_status":"open","ping_status":"closed","template":"","meta":{"_acf_changed":false},"product_cat":[86],"product_tag":[],"class_list":["post-36684","product","type-product","status-publish","has-post-thumbnail","hentry","product_cat-fundo-theodomiro-porto-da-fonseca"],"acf":[],"_links":{"self":[{"href":"https:\/\/www.museuhistoricosl.com.br\/loja\/wp-json\/wp\/v2\/product\/36684","targetHints":{"allow":["GET"]}}],"collection":[{"href":"https:\/\/www.museuhistoricosl.com.br\/loja\/wp-json\/wp\/v2\/product"}],"about":[{"href":"https:\/\/www.museuhistoricosl.com.br\/loja\/wp-json\/wp\/v2\/types\/product"}],"replies":[{"embeddable":true,"href":"https:\/\/www.museuhistoricosl.com.br\/loja\/wp-json\/wp\/v2\/comments?post=36684"}],"wp:featuredmedia":[{"embeddable":true,"href":"https:\/\/www.museuhistoricosl.com.br\/loja\/wp-json\/wp\/v2\/media\/36683"}],"wp:attachment":[{"href":"https:\/\/www.museuhistoricosl.com.br\/loja\/wp-json\/wp\/v2\/media?parent=36684"}],"wp:term":[{"taxonomy":"product_cat","embeddable":true,"href":"https:\/\/www.museuhistoricosl.com.br\/loja\/wp-json\/wp\/v2\/product_cat?post=36684"},{"taxonomy":"product_tag","embeddable":true,"href":"https:\/\/www.museuhistoricosl.com.br\/loja\/wp-json\/wp\/v2\/product_tag?post=36684"}],"curies":[{"name":"wp","href":"https:\/\/api.w.org\/{rel}","templated":true}]}}