{"id":36670,"date":"2022-01-13T09:51:46","date_gmt":"2022-01-13T12:51:46","guid":{"rendered":"https:\/\/www.museuhistoricosl.com.br\/loja\/produto\/sl094-fd-0018\/"},"modified":"2022-01-13T09:51:46","modified_gmt":"2022-01-13T12:51:46","slug":"sl094-fd-0018","status":"publish","type":"product","link":"https:\/\/www.museuhistoricosl.com.br\/loja\/produto\/sl094-fd-0018\/","title":{"rendered":"SL094-FD-0018"},"content":{"rendered":"<p>Obelisco em homenagem ao prefeito Theodomiro Porto da Fonseca, inaugurado em 1934. Localizado na hoje Pra\u00e7a G\u00f3is Monteiro, conhecida como &#8220;Tri\u00e2ngulo&#8221;, nas esquinas das ruas Lindolfo Collor e Saldanha da Gama. &#8211; C\u00f3digo anterior de cat\u00e1logo:FD 94-18; Fundo Theodomiro Porto da Fonseca; <\/p>\n","protected":false},"excerpt":{"rendered":"<p>Obelisco em homenagem ao prefeito Theodomiro Porto da Fonseca, inaugurado em 1934. Localizado na hoje Pra\u00e7a G\u00f3is Monteiro, conhecida como<\/p>\n","protected":false},"featured_media":36669,"comment_status":"open","ping_status":"closed","template":"","meta":{"_acf_changed":false},"product_cat":[86],"product_tag":[],"class_list":["post-36670","product","type-product","status-publish","has-post-thumbnail","hentry","product_cat-fundo-theodomiro-porto-da-fonseca"],"acf":[],"_links":{"self":[{"href":"https:\/\/www.museuhistoricosl.com.br\/loja\/wp-json\/wp\/v2\/product\/36670","targetHints":{"allow":["GET"]}}],"collection":[{"href":"https:\/\/www.museuhistoricosl.com.br\/loja\/wp-json\/wp\/v2\/product"}],"about":[{"href":"https:\/\/www.museuhistoricosl.com.br\/loja\/wp-json\/wp\/v2\/types\/product"}],"replies":[{"embeddable":true,"href":"https:\/\/www.museuhistoricosl.com.br\/loja\/wp-json\/wp\/v2\/comments?post=36670"}],"wp:featuredmedia":[{"embeddable":true,"href":"https:\/\/www.museuhistoricosl.com.br\/loja\/wp-json\/wp\/v2\/media\/36669"}],"wp:attachment":[{"href":"https:\/\/www.museuhistoricosl.com.br\/loja\/wp-json\/wp\/v2\/media?parent=36670"}],"wp:term":[{"taxonomy":"product_cat","embeddable":true,"href":"https:\/\/www.museuhistoricosl.com.br\/loja\/wp-json\/wp\/v2\/product_cat?post=36670"},{"taxonomy":"product_tag","embeddable":true,"href":"https:\/\/www.museuhistoricosl.com.br\/loja\/wp-json\/wp\/v2\/product_tag?post=36670"}],"curies":[{"name":"wp","href":"https:\/\/api.w.org\/{rel}","templated":true}]}}