{"id":36654,"date":"2022-01-13T09:51:28","date_gmt":"2022-01-13T12:51:28","guid":{"rendered":"https:\/\/www.museuhistoricosl.com.br\/loja\/produto\/sl094-fd-0010\/"},"modified":"2022-01-13T09:51:28","modified_gmt":"2022-01-13T12:51:28","slug":"sl094-fd-0010","status":"publish","type":"product","link":"https:\/\/www.museuhistoricosl.com.br\/loja\/produto\/sl094-fd-0010\/","title":{"rendered":"SL094-FD-0010"},"content":{"rendered":"<p>Visita do ent\u00e3o interventor federal do Rio Grande do Sul, coronel Ernesto Dornelles, ao munic\u00edpio de S\u00e3o Leopoldo. Ernesto Dornelles \u00e9 o que est\u00e1 no centro da foto (de \u00f3culos e m\u00e3o esquerda estendida); ao seu lado, o ent\u00e3o prefeito leopoldense Theodomiro Porto da Fonseca. &#8211; C\u00f3digo anterior de cat\u00e1logo:FD 94-10; Fundo Theodomiro Porto da Fonseca; <\/p>\n","protected":false},"excerpt":{"rendered":"<p>Visita do ent\u00e3o interventor federal do Rio Grande do Sul, coronel Ernesto Dornelles, ao munic\u00edpio de S\u00e3o Leopoldo. Ernesto Dornelles<\/p>\n","protected":false},"featured_media":36653,"comment_status":"open","ping_status":"closed","template":"","meta":{"_acf_changed":false},"product_cat":[86],"product_tag":[],"class_list":["post-36654","product","type-product","status-publish","has-post-thumbnail","hentry","product_cat-fundo-theodomiro-porto-da-fonseca"],"acf":[],"_links":{"self":[{"href":"https:\/\/www.museuhistoricosl.com.br\/loja\/wp-json\/wp\/v2\/product\/36654","targetHints":{"allow":["GET"]}}],"collection":[{"href":"https:\/\/www.museuhistoricosl.com.br\/loja\/wp-json\/wp\/v2\/product"}],"about":[{"href":"https:\/\/www.museuhistoricosl.com.br\/loja\/wp-json\/wp\/v2\/types\/product"}],"replies":[{"embeddable":true,"href":"https:\/\/www.museuhistoricosl.com.br\/loja\/wp-json\/wp\/v2\/comments?post=36654"}],"wp:featuredmedia":[{"embeddable":true,"href":"https:\/\/www.museuhistoricosl.com.br\/loja\/wp-json\/wp\/v2\/media\/36653"}],"wp:attachment":[{"href":"https:\/\/www.museuhistoricosl.com.br\/loja\/wp-json\/wp\/v2\/media?parent=36654"}],"wp:term":[{"taxonomy":"product_cat","embeddable":true,"href":"https:\/\/www.museuhistoricosl.com.br\/loja\/wp-json\/wp\/v2\/product_cat?post=36654"},{"taxonomy":"product_tag","embeddable":true,"href":"https:\/\/www.museuhistoricosl.com.br\/loja\/wp-json\/wp\/v2\/product_tag?post=36654"}],"curies":[{"name":"wp","href":"https:\/\/api.w.org\/{rel}","templated":true}]}}