{"id":36625,"date":"2022-01-13T09:27:33","date_gmt":"2022-01-13T12:27:33","guid":{"rendered":"https:\/\/www.museuhistoricosl.com.br\/loja\/produto\/xtlmv-fd-0112\/"},"modified":"2022-01-13T09:27:33","modified_gmt":"2022-01-13T12:27:33","slug":"xtlmv-fd-0112","status":"publish","type":"product","link":"https:\/\/www.museuhistoricosl.com.br\/loja\/produto\/xtlmv-fd-0112\/","title":{"rendered":"XTLMV-FD-0112"},"content":{"rendered":"<p>\u00c1lbum de Lembran\u00e7as. Hermine Lindenmeyer; Fundo Telmo Lauro M\u00fcller; <\/p>\n","protected":false},"excerpt":{"rendered":"<p>\u00c1lbum de Lembran\u00e7as. Hermine Lindenmeyer; Fundo Telmo Lauro M\u00fcller;<\/p>\n","protected":false},"featured_media":36624,"comment_status":"open","ping_status":"closed","template":"","meta":{"_acf_changed":false},"product_cat":[85],"product_tag":[],"class_list":["post-36625","product","type-product","status-publish","has-post-thumbnail","hentry","product_cat-fundo-telmo-lauro-muller"],"acf":[],"_links":{"self":[{"href":"https:\/\/www.museuhistoricosl.com.br\/loja\/wp-json\/wp\/v2\/product\/36625","targetHints":{"allow":["GET"]}}],"collection":[{"href":"https:\/\/www.museuhistoricosl.com.br\/loja\/wp-json\/wp\/v2\/product"}],"about":[{"href":"https:\/\/www.museuhistoricosl.com.br\/loja\/wp-json\/wp\/v2\/types\/product"}],"replies":[{"embeddable":true,"href":"https:\/\/www.museuhistoricosl.com.br\/loja\/wp-json\/wp\/v2\/comments?post=36625"}],"wp:featuredmedia":[{"embeddable":true,"href":"https:\/\/www.museuhistoricosl.com.br\/loja\/wp-json\/wp\/v2\/media\/36624"}],"wp:attachment":[{"href":"https:\/\/www.museuhistoricosl.com.br\/loja\/wp-json\/wp\/v2\/media?parent=36625"}],"wp:term":[{"taxonomy":"product_cat","embeddable":true,"href":"https:\/\/www.museuhistoricosl.com.br\/loja\/wp-json\/wp\/v2\/product_cat?post=36625"},{"taxonomy":"product_tag","embeddable":true,"href":"https:\/\/www.museuhistoricosl.com.br\/loja\/wp-json\/wp\/v2\/product_tag?post=36625"}],"curies":[{"name":"wp","href":"https:\/\/api.w.org\/{rel}","templated":true}]}}