{"id":3634,"date":"2021-12-16T14:02:46","date_gmt":"2021-12-16T17:02:46","guid":{"rendered":"https:\/\/www.museuhistoricosl.com.br\/novosite\/produto\/sl024-fd-0169\/"},"modified":"2021-12-16T14:02:46","modified_gmt":"2021-12-16T17:02:46","slug":"sl024-fd-0169","status":"publish","type":"product","link":"https:\/\/www.museuhistoricosl.com.br\/loja\/produto\/sl024-fd-0169\/","title":{"rendered":"SL024-FD-0169"},"content":{"rendered":"<p>IELB, Igreja Conc\u00f3rdia, Instituto Conc\u00f3rdia, Lan\u00e7amento do selo comemorativo ao V centen\u00e1rio de Martinho Lutero, presidente da Igreja Evang\u00e9lica Luterana no Brasil carimba o selo no primeiro dia de circula\u00e7\u00e3o, Johannes Gedrat, 18\/04\/1983; Comunidade Evang\u00e9lica Luterana em S\u00e3o Leopoldo; <\/p>\n","protected":false},"excerpt":{"rendered":"<p>IELB, Igreja Conc\u00f3rdia, Instituto Conc\u00f3rdia, Lan\u00e7amento do selo comemorativo ao V centen\u00e1rio de Martinho Lutero, presidente da Igreja Evang\u00e9lica Luterana<\/p>\n","protected":false},"featured_media":3633,"comment_status":"open","ping_status":"closed","template":"","meta":{"_acf_changed":false},"product_cat":[36],"product_tag":[],"class_list":["post-3634","product","type-product","status-publish","has-post-thumbnail","hentry","product_cat-comunidade-evangelica-luterana-em-sao-leopoldo"],"acf":[],"_links":{"self":[{"href":"https:\/\/www.museuhistoricosl.com.br\/loja\/wp-json\/wp\/v2\/product\/3634","targetHints":{"allow":["GET"]}}],"collection":[{"href":"https:\/\/www.museuhistoricosl.com.br\/loja\/wp-json\/wp\/v2\/product"}],"about":[{"href":"https:\/\/www.museuhistoricosl.com.br\/loja\/wp-json\/wp\/v2\/types\/product"}],"replies":[{"embeddable":true,"href":"https:\/\/www.museuhistoricosl.com.br\/loja\/wp-json\/wp\/v2\/comments?post=3634"}],"wp:featuredmedia":[{"embeddable":true,"href":"https:\/\/www.museuhistoricosl.com.br\/loja\/wp-json\/wp\/v2\/media\/3633"}],"wp:attachment":[{"href":"https:\/\/www.museuhistoricosl.com.br\/loja\/wp-json\/wp\/v2\/media?parent=3634"}],"wp:term":[{"taxonomy":"product_cat","embeddable":true,"href":"https:\/\/www.museuhistoricosl.com.br\/loja\/wp-json\/wp\/v2\/product_cat?post=3634"},{"taxonomy":"product_tag","embeddable":true,"href":"https:\/\/www.museuhistoricosl.com.br\/loja\/wp-json\/wp\/v2\/product_tag?post=3634"}],"curies":[{"name":"wp","href":"https:\/\/api.w.org\/{rel}","templated":true}]}}