{"id":3504,"date":"2021-12-16T14:02:24","date_gmt":"2021-12-16T17:02:24","guid":{"rendered":"https:\/\/www.museuhistoricosl.com.br\/novosite\/produto\/sl024-fd-0104\/"},"modified":"2021-12-16T14:02:24","modified_gmt":"2021-12-16T17:02:24","slug":"sl024-fd-0104","status":"publish","type":"product","link":"https:\/\/www.museuhistoricosl.com.br\/loja\/produto\/sl024-fd-0104\/","title":{"rendered":"SL024-FD-0104"},"content":{"rendered":"<p>Col\u00e9gio Centen\u00e1rio &#8211; Instituto Rio Branco, Corpo Docente do Instituto Rio Branco &#8211; S\u00e3o Leopoldo, 1\u00aa fila: Telmo Lauro M\u00fcller &#8211; Dir., Ericka P. Einsfeldt, Hans G. Schreiber, 2\u00aa fila: Carl Bernsm\u00fcller, Benno Barth, Arm\u00ednio A. H. Schneider, 1952; Comunidade Evang\u00e9lica Luterana em S\u00e3o Leopoldo; <\/p>\n","protected":false},"excerpt":{"rendered":"<p>Col\u00e9gio Centen\u00e1rio &#8211; Instituto Rio Branco, Corpo Docente do Instituto Rio Branco &#8211; S\u00e3o Leopoldo, 1\u00aa fila: Telmo Lauro M\u00fcller<\/p>\n","protected":false},"featured_media":3503,"comment_status":"open","ping_status":"closed","template":"","meta":{"_acf_changed":false},"product_cat":[36],"product_tag":[],"class_list":["post-3504","product","type-product","status-publish","has-post-thumbnail","hentry","product_cat-comunidade-evangelica-luterana-em-sao-leopoldo"],"acf":[],"_links":{"self":[{"href":"https:\/\/www.museuhistoricosl.com.br\/loja\/wp-json\/wp\/v2\/product\/3504","targetHints":{"allow":["GET"]}}],"collection":[{"href":"https:\/\/www.museuhistoricosl.com.br\/loja\/wp-json\/wp\/v2\/product"}],"about":[{"href":"https:\/\/www.museuhistoricosl.com.br\/loja\/wp-json\/wp\/v2\/types\/product"}],"replies":[{"embeddable":true,"href":"https:\/\/www.museuhistoricosl.com.br\/loja\/wp-json\/wp\/v2\/comments?post=3504"}],"wp:featuredmedia":[{"embeddable":true,"href":"https:\/\/www.museuhistoricosl.com.br\/loja\/wp-json\/wp\/v2\/media\/3503"}],"wp:attachment":[{"href":"https:\/\/www.museuhistoricosl.com.br\/loja\/wp-json\/wp\/v2\/media?parent=3504"}],"wp:term":[{"taxonomy":"product_cat","embeddable":true,"href":"https:\/\/www.museuhistoricosl.com.br\/loja\/wp-json\/wp\/v2\/product_cat?post=3504"},{"taxonomy":"product_tag","embeddable":true,"href":"https:\/\/www.museuhistoricosl.com.br\/loja\/wp-json\/wp\/v2\/product_tag?post=3504"}],"curies":[{"name":"wp","href":"https:\/\/api.w.org\/{rel}","templated":true}]}}