{"id":34722,"date":"2022-01-13T09:01:40","date_gmt":"2022-01-13T12:01:40","guid":{"rendered":"https:\/\/www.museuhistoricosl.com.br\/loja\/produto\/sl066-fd-0014\/"},"modified":"2022-01-13T09:01:40","modified_gmt":"2022-01-13T12:01:40","slug":"sl066-fd-0014","status":"publish","type":"product","link":"https:\/\/www.museuhistoricosl.com.br\/loja\/produto\/sl066-fd-0014\/","title":{"rendered":"SL066-FD-0014"},"content":{"rendered":"<p>Museu Hist\u00f3rico Visconde de S\u00e3o Leopoldo, 2\u00ba piso: Outra vista da biblioteca, As caixas, em cima, mostram que come\u00e7a a faltar espa\u00e7o.; Fundo Museu Hist\u00f3rico Visconde de S\u00e3o Leopoldo; <\/p>\n","protected":false},"excerpt":{"rendered":"<p>Museu Hist\u00f3rico Visconde de S\u00e3o Leopoldo, 2\u00ba piso: Outra vista da biblioteca, As caixas, em cima, mostram que come\u00e7a a<\/p>\n","protected":false},"featured_media":34721,"comment_status":"open","ping_status":"closed","template":"","meta":{"_acf_changed":false},"product_cat":[84],"product_tag":[],"class_list":["post-34722","product","type-product","status-publish","has-post-thumbnail","hentry","product_cat-fundo-museu-historico-visconde-de-sao-leopoldo"],"acf":[],"_links":{"self":[{"href":"https:\/\/www.museuhistoricosl.com.br\/loja\/wp-json\/wp\/v2\/product\/34722","targetHints":{"allow":["GET"]}}],"collection":[{"href":"https:\/\/www.museuhistoricosl.com.br\/loja\/wp-json\/wp\/v2\/product"}],"about":[{"href":"https:\/\/www.museuhistoricosl.com.br\/loja\/wp-json\/wp\/v2\/types\/product"}],"replies":[{"embeddable":true,"href":"https:\/\/www.museuhistoricosl.com.br\/loja\/wp-json\/wp\/v2\/comments?post=34722"}],"wp:featuredmedia":[{"embeddable":true,"href":"https:\/\/www.museuhistoricosl.com.br\/loja\/wp-json\/wp\/v2\/media\/34721"}],"wp:attachment":[{"href":"https:\/\/www.museuhistoricosl.com.br\/loja\/wp-json\/wp\/v2\/media?parent=34722"}],"wp:term":[{"taxonomy":"product_cat","embeddable":true,"href":"https:\/\/www.museuhistoricosl.com.br\/loja\/wp-json\/wp\/v2\/product_cat?post=34722"},{"taxonomy":"product_tag","embeddable":true,"href":"https:\/\/www.museuhistoricosl.com.br\/loja\/wp-json\/wp\/v2\/product_tag?post=34722"}],"curies":[{"name":"wp","href":"https:\/\/api.w.org\/{rel}","templated":true}]}}